{"id":3745155297282,"date":"2021-08-01T10:00:34","date_gmt":"2021-08-01T08:00:34","guid":{"rendered":"https:\/\/www.warm-me.com\/die-philosophie-von-warm-me\/"},"modified":"2025-10-23T10:42:43","modified_gmt":"2025-10-23T08:42:43","slug":"die-philosophie-von-warm-me","status":"publish","type":"page","link":"https:\/\/www.warm-me.com\/de\/die-philosophie-von-warm-me\/","title":{"rendered":"Die Philosophie von WARM ME"},"content":{"rendered":"\t\t<div data-elementor-type=\"wp-page\" data-elementor-id=\"3745155297282\" class=\"elementor elementor-3745155297282 elementor-5074\" data-elementor-post-type=\"page\">\n\t\t\t\t\t\t<section class=\"elementor-section elementor-top-section elementor-element elementor-element-16b5f65 elementor-section-full_width elementor-section-height-min-height elementor-section-items-bottom elementor-section-height-default\" data-id=\"16b5f65\" data-element_type=\"section\" data-e-type=\"section\" data-settings=\"{&quot;background_background&quot;:&quot;video&quot;,&quot;background_video_link&quot;:&quot;https:\\\/\\\/www.warm-me.com\\\/wp-content\\\/uploads\\\/Warm_ME_CT_FINAL_4K_Version1_FARBE_5.mp4&quot;}\">\n\t\t\t\t\t\t\t\t<div class=\"elementor-background-video-container elementor-hidden-mobile\">\n\t\t\t\t\t\t\t\t\t\t\t\t\t<video class=\"elementor-background-video-hosted\" role=\"presentation\" autoplay muted playsinline loop><\/video>\n\t\t\t\t\t\t\t\t\t\t\t<\/div>\n\t\t\t\t\t\t\t\t<div class=\"elementor-container elementor-column-gap-no\">\n\t\t\t\t\t<div class=\"elementor-column elementor-col-100 elementor-top-column elementor-element elementor-element-1fc2ca2\" data-id=\"1fc2ca2\" data-element_type=\"column\" data-e-type=\"column\">\n\t\t\t<div class=\"elementor-widget-wrap\">\n\t\t\t\t\t\t\t<\/div>\n\t\t<\/div>\n\t\t\t\t\t<\/div>\n\t\t<\/section>\n\t\t\t\t<section class=\"elementor-section elementor-top-section elementor-element elementor-element-f77ea2b elementor-reverse-mobile elementor-section-boxed elementor-section-height-default elementor-section-height-default\" data-id=\"f77ea2b\" data-element_type=\"section\" data-e-type=\"section\" data-settings=\"{&quot;background_background&quot;:&quot;classic&quot;}\">\n\t\t\t\t\t\t<div class=\"elementor-container elementor-column-gap-no\">\n\t\t\t\t\t<div class=\"elementor-column elementor-col-100 elementor-top-column elementor-element elementor-element-1e2bf5e\" data-id=\"1e2bf5e\" data-element_type=\"column\" data-e-type=\"column\">\n\t\t\t<div class=\"elementor-widget-wrap elementor-element-populated\">\n\t\t\t\t\t\t<section class=\"elementor-section elementor-inner-section elementor-element elementor-element-f329c49 elementor-section-full_width elementor-section-height-default elementor-section-height-default\" data-id=\"f329c49\" data-element_type=\"section\" data-e-type=\"section\">\n\t\t\t\t\t\t<div class=\"elementor-container elementor-column-gap-no\">\n\t\t\t\t\t<div class=\"elementor-column elementor-col-100 elementor-inner-column elementor-element elementor-element-684a447\" data-id=\"684a447\" data-element_type=\"column\" data-e-type=\"column\">\n\t\t\t<div class=\"elementor-widget-wrap elementor-element-populated\">\n\t\t\t\t\t\t<div class=\"elementor-element elementor-element-a2a6a09 elementor-widget elementor-widget-image\" data-id=\"a2a6a09\" data-element_type=\"widget\" data-e-type=\"widget\" data-widget_type=\"image.default\">\n\t\t\t\t<div class=\"elementor-widget-container\">\n\t\t\t\t\t\t\t\t\t\t\t\t\t\t\t<img decoding=\"async\" width=\"209\" height=\"89\" src=\"https:\/\/www.warm-me.com\/wp-content\/uploads\/Warm_Me_Logo_2022_claim_brand.svg\" class=\"attachment-full size-full wp-image-3745155297286\" alt=\"\" loading=\"eager\" \/>\t\t\t\t\t\t\t\t\t\t\t\t\t\t\t<\/div>\n\t\t\t\t<\/div>\n\t\t\t\t\t<\/div>\n\t\t<\/div>\n\t\t\t\t\t<\/div>\n\t\t<\/section>\n\t\t\t\t\t<\/div>\n\t\t<\/div>\n\t\t\t\t\t<\/div>\n\t\t<\/section>\n\t\t\t\t<section class=\"elementor-section elementor-top-section elementor-element elementor-element-0324996 elementor-reverse-mobile elementor-section-boxed elementor-section-height-default elementor-section-height-default\" data-id=\"0324996\" data-element_type=\"section\" data-e-type=\"section\">\n\t\t\t\t\t\t<div class=\"elementor-container elementor-column-gap-no\">\n\t\t\t\t\t<div class=\"elementor-column elementor-col-50 elementor-top-column elementor-element elementor-element-5011096\" data-id=\"5011096\" data-element_type=\"column\" data-e-type=\"column\">\n\t\t\t<div class=\"elementor-widget-wrap elementor-element-populated\">\n\t\t\t\t\t\t<div class=\"elementor-element elementor-element-9c5ac6a elementor-widget elementor-widget-video\" data-id=\"9c5ac6a\" data-element_type=\"widget\" data-e-type=\"widget\" data-settings=\"{&quot;video_type&quot;:&quot;hosted&quot;,&quot;autoplay&quot;:&quot;yes&quot;,&quot;play_on_mobile&quot;:&quot;yes&quot;,&quot;mute&quot;:&quot;yes&quot;,&quot;controls&quot;:&quot;yes&quot;}\" data-widget_type=\"video.default\">\n\t\t\t\t<div class=\"elementor-widget-container\">\n\t\t\t\t\t\t\t<div class=\"e-hosted-video elementor-wrapper elementor-open-inline\">\n\t\t\t\t\t<video class=\"elementor-video\" src=\"https:\/\/player.vimeo.com\/progressive_redirect\/playback\/995839252\/rendition\/1080p\/file.mp4?loc=external&amp;log_user=0&amp;signature=d7167990ebdf7ec35e6b4eec4064b8a2e9dfd9b9721b08617a4b7fe32695f2c4\" autoplay=\"\" controls=\"\" muted=\"muted\" playsinline=\"\" controlsList=\"nodownload\"><\/video>\n\t\t\t\t<\/div>\n\t\t\t\t\t\t<\/div>\n\t\t\t\t<\/div>\n\t\t\t\t<div class=\"elementor-element elementor-element-e982ec3 elementor-widget elementor-widget-image\" data-id=\"e982ec3\" data-element_type=\"widget\" data-e-type=\"widget\" data-widget_type=\"image.default\">\n\t\t\t\t<div class=\"elementor-widget-container\">\n\t\t\t\t\t\t\t\t\t\t\t\t\t\t\t<img decoding=\"async\" width=\"212\" height=\"137\" src=\"https:\/\/www.warm-me.com\/wp-content\/uploads\/Warm_Me_Equation_2025.svg\" class=\"attachment-full size-full wp-image-3745155297290\" alt=\"\" loading=\"eager\" \/>\t\t\t\t\t\t\t\t\t\t\t\t\t\t\t<\/div>\n\t\t\t\t<\/div>\n\t\t\t\t\t<\/div>\n\t\t<\/div>\n\t\t\t\t<div class=\"elementor-column elementor-col-50 elementor-top-column elementor-element elementor-element-7f0bdf1\" data-id=\"7f0bdf1\" data-element_type=\"column\" data-e-type=\"column\">\n\t\t\t<div class=\"elementor-widget-wrap elementor-element-populated\">\n\t\t\t\t\t\t<div class=\"elementor-element elementor-element-2564cff elementor-widget elementor-widget-heading\" data-id=\"2564cff\" data-element_type=\"widget\" data-e-type=\"widget\" data-widget_type=\"heading.default\">\n\t\t\t\t<div class=\"elementor-widget-container\">\n\t\t\t\t\t<h1 class=\"elementor-heading-title elementor-size-default\">FEIERN SIE DIE <br>LIEBE DER MENSCHEN ZUR <br>NATUR UND ZUM FREIEN. <br>RESPEKTIEREN SIE IHRE BED\u00dcRFNISSE <br>NACH WOHLBEFINDEN UND <br>GESUNDHEIT UND \u00dcBERRASCHEN <br>SIE SIE MIT KOMFORT &amp; <br>FREUDE, DIE IHNEN EIN <br>GUTES GEF\u00dcHL GIBT.<\/h1>\t\t\t\t<\/div>\n\t\t\t\t<\/div>\n\t\t\t\t\t<\/div>\n\t\t<\/div>\n\t\t\t\t\t<\/div>\n\t\t<\/section>\n\t\t\t\t<section class=\"elementor-section elementor-top-section elementor-element elementor-element-9a95d63 elementor-section-full_width elementor-section-height-default elementor-section-height-default\" data-id=\"9a95d63\" data-element_type=\"section\" data-e-type=\"section\">\n\t\t\t\t\t\t<div class=\"elementor-container elementor-column-gap-no\">\n\t\t\t\t\t<div class=\"elementor-column elementor-col-100 elementor-top-column elementor-element elementor-element-8729f4b\" data-id=\"8729f4b\" data-element_type=\"column\" data-e-type=\"column\">\n\t\t\t<div class=\"elementor-widget-wrap\">\n\t\t\t\t\t\t\t<\/div>\n\t\t<\/div>\n\t\t\t\t\t<\/div>\n\t\t<\/section>\n\t\t\t\t<section class=\"elementor-section elementor-top-section elementor-element elementor-element-b8cb89a elementor-reverse-mobile elementor-section-boxed elementor-section-height-default elementor-section-height-default\" data-id=\"b8cb89a\" data-element_type=\"section\" data-e-type=\"section\" data-settings=\"{&quot;background_background&quot;:&quot;classic&quot;}\">\n\t\t\t\t\t\t<div class=\"elementor-container elementor-column-gap-no\">\n\t\t\t\t\t<div class=\"elementor-column elementor-col-50 elementor-top-column elementor-element elementor-element-7595a93\" data-id=\"7595a93\" data-element_type=\"column\" data-e-type=\"column\">\n\t\t\t<div class=\"elementor-widget-wrap elementor-element-populated\">\n\t\t\t\t\t\t<div class=\"elementor-element elementor-element-9af9b24 elementor-widget elementor-widget-image\" data-id=\"9af9b24\" data-element_type=\"widget\" data-e-type=\"widget\" data-widget_type=\"image.default\">\n\t\t\t\t<div class=\"elementor-widget-container\">\n\t\t\t\t\t\t\t\t\t\t\t\t\t\t\t<img fetchpriority=\"high\" decoding=\"async\" width=\"683\" height=\"1024\" src=\"https:\/\/www.warm-me.com\/wp-content\/uploads\/210726_warm_me_product_shooting-101-web-683x1024.jpg\" class=\"attachment-large size-large wp-image-3745155297288\" alt=\"\" srcset=\"https:\/\/www.warm-me.com\/wp-content\/uploads\/210726_warm_me_product_shooting-101-web-683x1024.jpg 683w, https:\/\/www.warm-me.com\/wp-content\/uploads\/210726_warm_me_product_shooting-101-web-200x300.jpg 200w, https:\/\/www.warm-me.com\/wp-content\/uploads\/210726_warm_me_product_shooting-101-web-768x1152.jpg 768w, https:\/\/www.warm-me.com\/wp-content\/uploads\/210726_warm_me_product_shooting-101-web-1024x1536.jpg 1024w, https:\/\/www.warm-me.com\/wp-content\/uploads\/210726_warm_me_product_shooting-101-web-1366x2048.jpg 1366w, https:\/\/www.warm-me.com\/wp-content\/uploads\/210726_warm_me_product_shooting-101-web-600x900.jpg 600w, https:\/\/www.warm-me.com\/wp-content\/uploads\/210726_warm_me_product_shooting-101-web.jpg 1667w\" sizes=\"(max-width: 683px) 100vw, 683px\" loading=\"eager\" \/>\t\t\t\t\t\t\t\t\t\t\t\t\t\t\t<\/div>\n\t\t\t\t<\/div>\n\t\t\t\t<div class=\"elementor-element elementor-element-7e2728f elementor-align-right elementor-widget elementor-widget-lottie\" data-id=\"7e2728f\" data-element_type=\"widget\" data-e-type=\"widget\" data-settings=\"{&quot;source_json&quot;:{&quot;url&quot;:&quot;https:\\\/\\\/www.warm-me.com\\\/wp-content\\\/uploads\\\/Never.json&quot;,&quot;id&quot;:3745155294635,&quot;size&quot;:&quot;&quot;,&quot;alt&quot;:&quot;&quot;,&quot;source&quot;:&quot;library&quot;},&quot;loop&quot;:&quot;yes&quot;,&quot;source&quot;:&quot;media_file&quot;,&quot;caption_source&quot;:&quot;none&quot;,&quot;link_to&quot;:&quot;none&quot;,&quot;trigger&quot;:&quot;arriving_to_viewport&quot;,&quot;viewport&quot;:{&quot;unit&quot;:&quot;%&quot;,&quot;size&quot;:&quot;&quot;,&quot;sizes&quot;:{&quot;start&quot;:0,&quot;end&quot;:100}},&quot;play_speed&quot;:{&quot;unit&quot;:&quot;px&quot;,&quot;size&quot;:1,&quot;sizes&quot;:[]},&quot;start_point&quot;:{&quot;unit&quot;:&quot;%&quot;,&quot;size&quot;:0,&quot;sizes&quot;:[]},&quot;end_point&quot;:{&quot;unit&quot;:&quot;%&quot;,&quot;size&quot;:100,&quot;sizes&quot;:[]},&quot;renderer&quot;:&quot;svg&quot;}\" data-widget_type=\"lottie.default\">\n\t\t\t\t<div class=\"elementor-widget-container\">\n\t\t\t\t\t<div class=\"e-lottie__container\"><div class=\"e-lottie__animation\"><\/div><\/div>\t\t\t\t<\/div>\n\t\t\t\t<\/div>\n\t\t\t\t\t<\/div>\n\t\t<\/div>\n\t\t\t\t<div class=\"elementor-column elementor-col-50 elementor-top-column elementor-element elementor-element-4a3f87d\" data-id=\"4a3f87d\" data-element_type=\"column\" data-e-type=\"column\">\n\t\t\t<div class=\"elementor-widget-wrap elementor-element-populated\">\n\t\t\t\t\t\t<div class=\"elementor-element elementor-element-bfb559b elementor-widget elementor-widget-heading\" data-id=\"bfb559b\" data-element_type=\"widget\" data-e-type=\"widget\" data-widget_type=\"heading.default\">\n\t\t\t\t<div class=\"elementor-widget-container\">\n\t\t\t\t\t<h2 class=\"elementor-heading-title elementor-size-default\">UNSERE WERTE<\/h2>\t\t\t\t<\/div>\n\t\t\t\t<\/div>\n\t\t\t\t<div class=\"elementor-element elementor-element-63efafd elementor-widget elementor-widget-text-editor\" data-id=\"63efafd\" data-element_type=\"widget\" data-e-type=\"widget\" data-widget_type=\"text-editor.default\">\n\t\t\t\t<div class=\"elementor-widget-container\">\n\t\t\t\t\t\t\t\t\t<p><strong>Sich wohlf\u00fchlen<\/strong> \u2013 alle unsere Kaschmirprodukte werden aus 100 % hochwertigem mongolischen Kaschmir hergestellt \u2013 das kuscheligste Gef\u00fchl der Welt!<\/p>\t\t\t\t\t\t\t\t<\/div>\n\t\t\t\t<\/div>\n\t\t\t\t<div class=\"elementor-element elementor-element-9448c47 elementor-widget elementor-widget-text-editor\" data-id=\"9448c47\" data-element_type=\"widget\" data-e-type=\"widget\" data-widget_type=\"text-editor.default\">\n\t\t\t\t<div class=\"elementor-widget-container\">\n\t\t\t\t\t\t\t\t\t<p><strong>Leidenschaft f\u00fcr Tradition<\/strong> \u2013 Nepal ist bekannt f\u00fcr seine hochwertige Verarbeitung und traditionelle Strickkunst, die sich in jedem WARM ME-St\u00fcck widerspiegelt.<\/p>\t\t\t\t\t\t\t\t<\/div>\n\t\t\t\t<\/div>\n\t\t\t\t<div class=\"elementor-element elementor-element-0ef3985 elementor-widget elementor-widget-text-editor\" data-id=\"0ef3985\" data-element_type=\"widget\" data-e-type=\"widget\" data-widget_type=\"text-editor.default\">\n\t\t\t\t<div class=\"elementor-widget-container\">\n\t\t\t\t\t\t\t\t\t<p><strong>Soziale Verantwortung<\/strong> \u2013 direkte Zusammenarbeit mit unseren Produzenten &amp; Partnern. <br>Diese regelm\u00e4\u00dfigen Besuche erm\u00f6glichen uns eine sehr pers\u00f6nliche Zusammenarbeit.<\/p>\t\t\t\t\t\t\t\t<\/div>\n\t\t\t\t<\/div>\n\t\t\t\t<div class=\"elementor-element elementor-element-3c49516 elementor-widget elementor-widget-text-editor\" data-id=\"3c49516\" data-element_type=\"widget\" data-e-type=\"widget\" data-widget_type=\"text-editor.default\">\n\t\t\t\t<div class=\"elementor-widget-container\">\n\t\t\t\t\t\t\t\t\t<p><strong>Leidenschaft f\u00fcr Design<\/strong> \u2013 Jeder WARM ME Artikel hat seinen Ursprung im Herzen \u00d6sterreichs. Was uns inspiriert \u2013 Menschen und ihre Geschichten!<\/p>\t\t\t\t\t\t\t\t<\/div>\n\t\t\t\t<\/div>\n\t\t\t\t<div class=\"elementor-element elementor-element-0784297 elementor-widget elementor-widget-text-editor\" data-id=\"0784297\" data-element_type=\"widget\" data-e-type=\"widget\" data-widget_type=\"text-editor.default\">\n\t\t\t\t<div class=\"elementor-widget-container\">\n\t\t\t\t\t\t\t\t\t<p><strong>Gut aussehen<\/strong> \u2013 Unser Design hat immer ein Credo: Never out of season! Die breite Farbpalette und die verschiedenen H\u00dcTE machen es m\u00f6glich, f\u00fcr jeden den perfekten Hut zu finden, besonders mit den Nuancen der Farben.<\/p>\t\t\t\t\t\t\t\t<\/div>\n\t\t\t\t<\/div>\n\t\t\t\t<div class=\"elementor-element elementor-element-864e125 elementor-widget elementor-widget-text-editor\" data-id=\"864e125\" data-element_type=\"widget\" data-e-type=\"widget\" data-widget_type=\"text-editor.default\">\n\t\t\t\t<div class=\"elementor-widget-container\">\n\t\t\t\t\t\t\t\t\t<strong>F\u00fcr jeden Anlass<\/strong> \u2013 egal wo, egal was Sie\ntun \u2013 es gibt immer einen Grund f\u00fcr WARM ME.\t\t\t\t\t\t\t\t<\/div>\n\t\t\t\t<\/div>\n\t\t\t\t<div class=\"elementor-element elementor-element-7fd3906 elementor-widget elementor-widget-text-editor\" data-id=\"7fd3906\" data-element_type=\"widget\" data-e-type=\"widget\" data-widget_type=\"text-editor.default\">\n\t\t\t\t<div class=\"elementor-widget-container\">\n\t\t\t\t\t\t\t\t\t<p><strong>Gutes tun<\/strong> \u2013 soziale Verantwortung und Nachhaltigkeit in allen Aspekten sind seitAnfang an unsere Motivation! Wirtschaften wie eine Kraft des Guten!<\/p>\t\t\t\t\t\t\t\t<\/div>\n\t\t\t\t<\/div>\n\t\t\t\t\t<\/div>\n\t\t<\/div>\n\t\t\t\t\t<\/div>\n\t\t<\/section>\n\t\t\t\t<\/div>\n\t\t","protected":false},"excerpt":{"rendered":"<p>https:\/\/player.vimeo.com\/progressive_redirect\/playback\/995839252\/rendition\/1080p\/file.mp4?loc=external&#038;log_user=0&#038;signature=d7167990ebdf7ec35e6b4eec4064b8a2e9dfd9b9721b08617a4b7fe32695f2c4 FEIERN SIE DIE LIEBE DER MENSCHEN ZUR NATUR UND ZUM FREIEN. RESPEKTIEREN SIE IHRE BED\u00dcRFNISSE NACH WOHLBEFINDEN UND GESUNDHEIT UND \u00dcBERRASCHEN SIE SIE MIT KOMFORT &amp; FREUDE, DIE IHNEN EIN GUTES GEF\u00dcHL GIBT. UNSERE WERTE Sich wohlf\u00fchlen \u2013 alle unsere Kaschmirprodukte werden aus 100 % hochwertigem mongolischen Kaschmir hergestellt \u2013 das kuscheligste Gef\u00fchl der [&hellip;]<\/p>\n","protected":false},"author":1,"featured_media":0,"parent":0,"menu_order":9,"comment_status":"closed","ping_status":"closed","template":"","meta":{"_acf_changed":false,"_joinchat":[],"footnotes":""},"class_list":["post-3745155297282","page","type-page","status-publish","hentry"],"acf":[],"_links":{"self":[{"href":"https:\/\/www.warm-me.com\/de\/wp-json\/wp\/v2\/pages\/3745155297282","targetHints":{"allow":["GET"]}}],"collection":[{"href":"https:\/\/www.warm-me.com\/de\/wp-json\/wp\/v2\/pages"}],"about":[{"href":"https:\/\/www.warm-me.com\/de\/wp-json\/wp\/v2\/types\/page"}],"author":[{"embeddable":true,"href":"https:\/\/www.warm-me.com\/de\/wp-json\/wp\/v2\/users\/1"}],"replies":[{"embeddable":true,"href":"https:\/\/www.warm-me.com\/de\/wp-json\/wp\/v2\/comments?post=3745155297282"}],"version-history":[{"count":1,"href":"https:\/\/www.warm-me.com\/de\/wp-json\/wp\/v2\/pages\/3745155297282\/revisions"}],"predecessor-version":[{"id":3745155297300,"href":"https:\/\/www.warm-me.com\/de\/wp-json\/wp\/v2\/pages\/3745155297282\/revisions\/3745155297300"}],"wp:attachment":[{"href":"https:\/\/www.warm-me.com\/de\/wp-json\/wp\/v2\/media?parent=3745155297282"}],"curies":[{"name":"wp","href":"https:\/\/api.w.org\/{rel}","templated":true}]}}