{"id":3745155297365,"date":"2021-08-01T10:00:46","date_gmt":"2021-08-01T08:00:46","guid":{"rendered":"https:\/\/www.warm-me.com\/rechtlicher-kontakt\/"},"modified":"2025-10-23T10:42:44","modified_gmt":"2025-10-23T08:42:44","slug":"rechtlicher-kontakt","status":"publish","type":"page","link":"https:\/\/www.warm-me.com\/de\/rechtlicher-kontakt\/","title":{"rendered":"Rechtlicher Kontakt"},"content":{"rendered":"\t\t<div data-elementor-type=\"wp-page\" data-elementor-id=\"3745155297365\" class=\"elementor elementor-3745155297365 elementor-4725\" data-elementor-post-type=\"page\">\n\t\t\t\t\t\t<section class=\"elementor-section elementor-top-section elementor-element elementor-element-9e76665 elementor-reverse-mobile elementor-section-boxed elementor-section-height-default elementor-section-height-default\" data-id=\"9e76665\" data-element_type=\"section\" data-e-type=\"section\">\n\t\t\t\t\t\t<div class=\"elementor-container elementor-column-gap-no\">\n\t\t\t\t\t<div class=\"elementor-column elementor-col-50 elementor-top-column elementor-element elementor-element-bed037a\" data-id=\"bed037a\" data-element_type=\"column\" data-e-type=\"column\">\n\t\t\t<div class=\"elementor-widget-wrap elementor-element-populated\">\n\t\t\t\t\t\t<div class=\"elementor-element elementor-element-4bfdf6d elementor-widget elementor-widget-image\" data-id=\"4bfdf6d\" data-element_type=\"widget\" data-e-type=\"widget\" data-widget_type=\"image.default\">\n\t\t\t\t<div class=\"elementor-widget-container\">\n\t\t\t\t\t\t\t\t\t\t\t\t\t\t\t<img decoding=\"async\" src=\"https:\/\/www.warm-me.com\/wp-content\/uploads\/warmme_2021_X6A6125.jpg\" title=\"\" alt=\"\" loading=\"lazy\" \/>\t\t\t\t\t\t\t\t\t\t\t\t\t\t\t<\/div>\n\t\t\t\t<\/div>\n\t\t\t\t\t<\/div>\n\t\t<\/div>\n\t\t\t\t<div class=\"elementor-column elementor-col-50 elementor-top-column elementor-element elementor-element-621b7d2\" data-id=\"621b7d2\" data-element_type=\"column\" data-e-type=\"column\">\n\t\t\t<div class=\"elementor-widget-wrap elementor-element-populated\">\n\t\t\t\t\t\t<div class=\"elementor-element elementor-element-d51285f elementor-widget elementor-widget-heading\" data-id=\"d51285f\" data-element_type=\"widget\" data-e-type=\"widget\" data-widget_type=\"heading.default\">\n\t\t\t\t<div class=\"elementor-widget-container\">\n\t\t\t\t\t<h1 class=\"elementor-heading-title elementor-size-default\">Rechtlicher Kontakt<\/h1>\t\t\t\t<\/div>\n\t\t\t\t<\/div>\n\t\t\t\t<div class=\"elementor-element elementor-element-8591366 legal-text elementor-widget elementor-widget-text-editor\" data-id=\"8591366\" data-element_type=\"widget\" data-e-type=\"widget\" data-widget_type=\"text-editor.default\">\n\t\t\t\t<div class=\"elementor-widget-container\">\n\t\t\t\t\t\t\t\t\t<p><strong>BETREIBER DES ONLINE-SHOPS:<\/strong><\/p><p>Warm-ME GmbH<br>Stelzhamerstra\u00dfe 5A<br>5020 Salzburg<br>\u00d6sterreich<\/p><p>Tel: <a href=\"tel:0043662879270\">0043-662-879270<\/a><br>Fax: 0043-662-879270 20<\/p><p><a href=\"mailto:office@warm-me.com\">office@warm-me.com<\/a><br><a href=\"http:\/\/www.warm-me.com\/\">www.warm-me.com<\/a><\/p><p>Gesch\u00e4ftsf\u00fchrer: Christian Obojes<br>Firmenbuchgericht: Salzburg<br>Firmenbuchnummer: FN 396111t<br>UID-Nummer: ATU 67904226<br>Gerichtsstand: Salzburg, \u00d6sterreich<\/p><p><strong>BANKVERBINDUNG<\/strong><\/p><p>Salzburger Landes-Hypothekenbank Aktiengesellschaft<br>IBAN: AT31 5500 0102 0004 5431<br>BIC: SLHYAT2S<\/p><p>Unternehmensgegenstand: Handelsgewerbe<br>Beh\u00f6rde: Magistrat Salzburg<br>Mitglied der Wirtschaftskammern \u00d6sterreichs (WK\u00d6) und der Wirtschaftskammer Salzburg (WKS)<\/p><p>Berufsrecht: Gewerbeordnung: www.ris.bka.gv.at<\/p><p><strong>Webdesign:<\/strong><br>warm ME GmbH<\/p><p><strong>Haftung:<\/strong><br>Alle Inhalte wurden sorgf\u00e4ltig gepr\u00fcft. Trotzdem \u00fcbernehmen wir keine Gew\u00e4hr f\u00fcr die Richtigkeit, Vollst\u00e4ndigkeit und Aktualit\u00e4t der Angaben.<\/p><p><strong>Urheberrecht:<\/strong><br>Alle Texte, Grafiken und Bilder sind urheberrechtlich gesch\u00fctzt. Eine Verwendung solcher Materialien ist nur mit ausdr\u00fccklicher Genehmigung der Warm-ME GmbH gestattet.<\/p><p><strong>Links:<\/strong><br>Der Herausgeber macht sich die Inhalte der verlinkten Seiten nicht zu eigen und \u00fcbernimmt keine Haftung f\u00fcr deren Inhalte. Sollte eine der verlinkten Seiten anst\u00f6\u00dfige Inhalte aufweisen, bitten wir Sie, uns dies mitzuteilen, damit der Link gel\u00f6scht werden kann.<\/p>\t\t\t\t\t\t\t\t<\/div>\n\t\t\t\t<\/div>\n\t\t\t\t\t<\/div>\n\t\t<\/div>\n\t\t\t\t\t<\/div>\n\t\t<\/section>\n\t\t\t\t<\/div>\n\t\t","protected":false},"excerpt":{"rendered":"<p>Rechtlicher Kontakt BETREIBER DES ONLINE-SHOPS: Warm-ME GmbHStelzhamerstra\u00dfe 5A5020 Salzburg\u00d6sterreich Tel: 0043-662-879270Fax: 0043-662-879270 20 office@warm-me.comwww.warm-me.com Gesch\u00e4ftsf\u00fchrer: Christian ObojesFirmenbuchgericht: SalzburgFirmenbuchnummer: FN 396111tUID-Nummer: ATU 67904226Gerichtsstand: Salzburg, \u00d6sterreich BANKVERBINDUNG Salzburger Landes-Hypothekenbank AktiengesellschaftIBAN: AT31 5500 0102 0004 5431BIC: SLHYAT2S Unternehmensgegenstand: HandelsgewerbeBeh\u00f6rde: Magistrat SalzburgMitglied der Wirtschaftskammern \u00d6sterreichs (WK\u00d6) und der Wirtschaftskammer Salzburg (WKS) Berufsrecht: Gewerbeordnung: www.ris.bka.gv.at Webdesign:warm ME GmbH Haftung:Alle Inhalte [&hellip;]<\/p>\n","protected":false},"author":1,"featured_media":0,"parent":0,"menu_order":13,"comment_status":"closed","ping_status":"closed","template":"","meta":{"_acf_changed":false,"_joinchat":[],"footnotes":""},"class_list":["post-3745155297365","page","type-page","status-publish","hentry"],"acf":[],"_links":{"self":[{"href":"https:\/\/www.warm-me.com\/de\/wp-json\/wp\/v2\/pages\/3745155297365","targetHints":{"allow":["GET"]}}],"collection":[{"href":"https:\/\/www.warm-me.com\/de\/wp-json\/wp\/v2\/pages"}],"about":[{"href":"https:\/\/www.warm-me.com\/de\/wp-json\/wp\/v2\/types\/page"}],"author":[{"embeddable":true,"href":"https:\/\/www.warm-me.com\/de\/wp-json\/wp\/v2\/users\/1"}],"replies":[{"embeddable":true,"href":"https:\/\/www.warm-me.com\/de\/wp-json\/wp\/v2\/comments?post=3745155297365"}],"version-history":[{"count":1,"href":"https:\/\/www.warm-me.com\/de\/wp-json\/wp\/v2\/pages\/3745155297365\/revisions"}],"predecessor-version":[{"id":3745155297367,"href":"https:\/\/www.warm-me.com\/de\/wp-json\/wp\/v2\/pages\/3745155297365\/revisions\/3745155297367"}],"wp:attachment":[{"href":"https:\/\/www.warm-me.com\/de\/wp-json\/wp\/v2\/media?parent=3745155297365"}],"curies":[{"name":"wp","href":"https:\/\/api.w.org\/{rel}","templated":true}]}}