{"id":3745155297391,"date":"2021-02-01T10:00:44","date_gmt":"2021-02-01T09:00:44","guid":{"rendered":"https:\/\/www.warm-me.com\/allgemeine-geschaeftsbedingungen\/"},"modified":"2025-10-23T10:42:50","modified_gmt":"2025-10-23T08:42:50","slug":"allgemeine-geschaeftsbedingungen","status":"publish","type":"page","link":"https:\/\/www.warm-me.com\/de\/allgemeine-geschaeftsbedingungen\/","title":{"rendered":"Allgemeine Gesch\u00e4ftsbedingungen"},"content":{"rendered":"\t\t<div data-elementor-type=\"wp-page\" data-elementor-id=\"3745155297391\" class=\"elementor elementor-3745155297391 elementor-19\" data-elementor-post-type=\"page\">\n\t\t\t\t\t\t<section class=\"elementor-section elementor-top-section elementor-element elementor-element-601c4e7 elementor-reverse-mobile elementor-section-boxed elementor-section-height-default elementor-section-height-default\" data-id=\"601c4e7\" data-element_type=\"section\" data-e-type=\"section\">\n\t\t\t\t\t\t<div class=\"elementor-container elementor-column-gap-no\">\n\t\t\t\t\t<div class=\"elementor-column elementor-col-100 elementor-top-column elementor-element elementor-element-e2b4196\" data-id=\"e2b4196\" data-element_type=\"column\" data-e-type=\"column\">\n\t\t\t<div class=\"elementor-widget-wrap elementor-element-populated\">\n\t\t\t\t\t\t<div class=\"elementor-element elementor-element-8dc39bb elementor-widget elementor-widget-heading\" data-id=\"8dc39bb\" data-element_type=\"widget\" data-e-type=\"widget\" data-widget_type=\"heading.default\">\n\t\t\t\t<div class=\"elementor-widget-container\">\n\t\t\t\t\t<h1 class=\"elementor-heading-title elementor-size-default\">Allgemeine Gesch\u00e4ftsbedingungen<\/h1>\t\t\t\t<\/div>\n\t\t\t\t<\/div>\n\t\t\t\t<div class=\"elementor-element elementor-element-542623c legal-text elementor-widget elementor-widget-text-editor\" data-id=\"542623c\" data-element_type=\"widget\" data-e-type=\"widget\" data-widget_type=\"text-editor.default\">\n\t\t\t\t<div class=\"elementor-widget-container\">\n\t\t\t\t\t\t\t\t\t<p>Warm-ME GmbH<br>Stelzhamerstrasse 5a<br>5020 Salzburg<br>Tel: 0043 662 879270<br>E-Mail: office@warm-me.com<\/p><p>Wir, die Warm-ME GmbH, FN 396111t, Landesgericht Salzburg, f\u00fchren Verk\u00e4ufe und Lieferungen ausschlie\u00dflich auf der Grundlage der folgenden Allgemeinen Gesch\u00e4ftsbedingungen durch, die zum Zeitpunkt der jeweiligen Bestellung g\u00fcltig sind, es sei denn, es wurde zwischen uns und dem Kunden ausdr\u00fccklich etwas anderes schriftlich vereinbart:<\/p><h4>Wichtige Informationen<\/h4><p>Die auf unserer Website angebotenen Waren werden in Form von digitalen Fotografien dargestellt. Geringf\u00fcgige Unterschiede zwischen Bildern und Realit\u00e4t k\u00f6nnen technisch bedingt sein und stellen keinen Mangel der bei uns bestellten Ware dar. Wir weisen darauf hin, dass die von uns auf www.warm-me.com pr\u00e4sentierten Waren zum Zeitpunkt des Besuchs unserer Homepage m\u00f6glicherweise nicht mehr verf\u00fcgbar oder ausverkauft sind. Dar\u00fcber hinaus kann es vorkommen, dass Preis\u00e4nderungen auf unserer Homepage noch nicht umgesetzt wurden.   <\/p><h4>Vertragsverh\u00e4ltnis<\/h4><p>Wichtige Produkteigenschaften entnehmen Sie bitte unserer Website. Informationen in unseren Preislisten, Katalogen und Webseiten sind jederzeit freibleibend. Wir behalten uns das Recht vor, diese Informationen jederzeit zu \u00e4ndern. Vom Kunden aufgegebene Bestellungen gelten erst mit Abschluss des Vertrages als Angebote. Ein Kaufvertrag kommt erst mit dem Versand der bestellten Produkte durch uns zustande.   <\/p><h4>Preise<\/h4><p>Die Preise sind immer in EURO inklusive der gesetzlichen Mehrwertsteuer angegeben. Der Satz und die H\u00f6he der Mehrwertsteuer sind jeweils in der Rechnung ausgewiesen. <\/p><h4>Lieferung<\/h4><p>Warm-ME liefert an die vom Kunden angegebene Bestelladresse. Wir k\u00f6nnen nicht an Postfachadressen liefern. <\/p><h4>Garantie<\/h4><p>Es gelten die gesetzlichen Gew\u00e4hrleistungsbestimmungen.<\/p><h4>R\u00fcckgaberecht<\/h4><p><strong>Einleitung der Stornierung<\/strong><br>(1) Widerrufsrecht f\u00fcr Verbraucher in \u00d6sterreich Wenn der Kaufvertrag ausschlie\u00dflich durch Fernkommunikation zustande kommt, wie in \u00a7 5a Abs. 2 KSchG (Konsumentenschutzgesetz) beschrieben, kann der Verbraucher seine Bestellung innerhalb von 14 Tagen nach Erhalt der Ware oder Bestellung von Dienstleistungen ohne Angabe von Gr\u00fcnden schriftlich (E-Mail, Brief, Fax) oder durch R\u00fccksendung der Ware widerrufen, wobei Samstage nicht als Werktage gelten. Gem\u00e4\u00df \u00a7 5a Abs. 2 KSchG muss der Verbraucher rechtzeitig w\u00e4hrend der Vertragserf\u00fcllung, sp\u00e4testens jedoch zum Zeitpunkt der Lieferung bei Waren, die nicht an Dritte geliefert werden sollen, eine schriftliche Best\u00e4tigung der in \u00a7 5c Abs. 1 Z 1 &#8211; 6 KSchG genannten Informationen erhalten, es sei denn, die Informationen wurden dem Verbraucher bereits vor Vertragsschluss schriftlich mitgeteilt. Diese schriftliche Best\u00e4tigung (Informationserteilung) kann auch auf einem f\u00fcr den Verbraucher dauerhaften Datentr\u00e4ger erfolgen. Gem\u00e4\u00df \u00a7 5e KschG beginnt die Frist mit dem Erhalt dieser Belehrung in Textform, jedoch nicht vor dem Eintreffen der Ware beim Empf\u00e4nger (bei wiederholter Lieferung gleichartiger Waren nicht vor dem Erhalt der ersten Teillieferung). Wird die Informationspflicht gem\u00e4\u00df \u00a7 5d Abs. 1 und 2 KSchG verletzt, hat der Verbraucher ein Widerrufsrecht innerhalb einer Frist von 3 Monaten. Erf\u00fcllt der Unternehmer seine Informationspflicht bis zu diesem Zeitpunkt, beginnt die in \u00a7 5a Abs 2 KSchG genannte Frist zur Aus\u00fcbung des Widerrufsrechts ab dem Zeitpunkt der Mitteilung durch den Unternehmer. Die Frist gilt als gewahrt, wenn die Widerrufserkl\u00e4rung rechtzeitig schriftlich an folgende Adresse gesendet wird:          <\/p><p>Warm-ME GmbH<br>Stelzhamerstrasse 5a<br>5020 Salzburg<br>Tel: 0043 662 879270<br>E-Mail: office@warm-me.com<\/p><p>Die folgenden Transaktionen sind vom Widerrufsrecht ausgeschlossen:<\/p><ul><li>Kaufvertr\u00e4ge \u00fcber Produkte, die individuell nach Kundenspezifikation angefertigt und explizit auf pers\u00f6nliche Bed\u00fcrfnisse zugeschnitten wurden (insbesondere Sonderanfertigungen, \u00c4nderungen usw.)<\/li><li>Kaufvertr\u00e4ge, bei denen die gekaufte Ware auch mit Dienstleistungen verbunden ist<\/li><li>Dienstleistungsvertr\u00e4ge, die innerhalb von 7 Werktagen nach Vertragsschluss gem\u00e4\u00df den Angaben des Verbrauchers begonnen haben<\/li><li>Kaufvertr\u00e4ge f\u00fcr Software, wenn die bestellte Ware entsiegelt wurde.<\/li><li>Garantieverl\u00e4ngerungen und -erweiterungen, die bereits ge\u00f6ffnet oder registriert wurden.<\/li><\/ul><h5>Folgen des Widerrufs<\/h5><p>Im Falle eines wirksamen Widerrufs sind die von beiden Parteien empfangenen Zahlungen oder Waren zur\u00fcckzugew\u00e4hren und ggf. gezogene Nutzungen (z.B. Zinsen) herauszugeben. K\u00f6nnen Sie uns die empfangenen Leistungen sowie Nutzungen (z.B. Gebrauchsvorteile) nicht oder teilweise nicht oder nur in verschlechtertem Zustand zur\u00fcckgew\u00e4hren bzw. herausgeben, m\u00fcssen Sie uns insoweit Wertersatz leisten. F\u00fcr die Verschlechterung der Sache und f\u00fcr gezogene Nutzungen m\u00fcssen Sie Wertersatz nur leisten, soweit die Nutzungen oder die Verschlechterung auf einen Umgang mit der Sache zur\u00fcckzuf\u00fchren ist, der \u00fcber die Pr\u00fcfung der Eigenschaften und der Funktionsweise hinausgeht. Unter \u201ePr\u00fcfung der Eigenschaften und der Funktionsweise\u201c versteht man das Testen und Ausprobieren der jeweiligen Ware, wie es etwa im Ladengesch\u00e4ft m\u00f6glich und \u00fcblich ist.<br>Der Verbraucher kann die Pflicht zum Wertersatz vermeiden, indem er die Sache nicht wie sein Eigentum in Gebrauch nimmt und alles unterl\u00e4sst, was deren Wert beeintr\u00e4chtigt. Gem\u00e4\u00df \u00a7 5g Abs. 2 KSchG wird vereinbart, dass der Verbraucher die Kosten des R\u00fccktransports tr\u00e4gt, unabh\u00e4ngig vom Warenwert. Daher tragen Sie im Falle eines Widerrufs die Kosten der R\u00fccksendung der Ware. Bereits erbrachte und daher nicht widerrufliche Leistungen werden von dem dem Kunden zu erstattenden Kaufpreis abgezogen bzw. dem Kunden im Falle der Nichtannahme in Rechnung gestellt und als offene Forderung behandelt.       <\/p><h4>Zahlungsarten<\/h4><p>Wir bieten die folgenden Zahlungsarten an. Suchen Sie einfach Ihre bevorzugte Zahlungsart aus. Die Versandkosten sind teilweise von der gew\u00e4hlten Zahlungsart abh\u00e4ngig. Die in den jeweiligen Angeboten aufgef\u00fchrten Preise stellen Endpreise dar. Sie enthalten eine Aufschl\u00fcsselung der Preise einschlie\u00dflich aller anfallenden Steuern wie z. B. der Mehrwertsteuer. Nur im Falle einer internationalen Lieferung k\u00f6nnen weitere Steuern (z. B. im Falle eines innergemeinschaftlichen Erwerbs) und\/oder Abgaben (z. B. Z\u00f6lle) von Ihnen zu zahlen sein, jedoch nicht an den Verk\u00e4ufer, sondern an die zust\u00e4ndigen Zoll- und Steuerbeh\u00f6rden. Die anfallenden Liefer- und Versandkosten sind nicht im Kaufpreis enthalten; diese finden Sie auf der Seite &#8222;Versandkosten&#8220;, werden w\u00e4hrend des Bestellvorgangs gesondert ausgewiesen und sind ebenfalls von Ihnen zu tragen.<\/p><p><strong>PayPal<\/strong><br>Sie k\u00f6nnen per PayPal bezahlen.<\/p><h4>Eigentumsvorbehalt<\/h4><p>Die gelieferte Ware bleibt bis zur vollst\u00e4ndigen Bezahlung Eigentum von Warm-ME.<\/p><h4>Freiwillige Umtauschregelung<\/h4><p>Unabh\u00e4ngig von Ihrem gesetzlichen Widerrufsrecht r\u00e4umt Ihnen Warm-ME die M\u00f6glichkeit ein, bei uns gekaufte Produkte zur\u00fcckzugeben. So k\u00f6nnen Sie alle im Warm-ME Shop gekauften Artikel innerhalb von 14 Tagen nach Erhalt ohne Angabe von Gr\u00fcnden mit dem R\u00fccksendeschein zur\u00fcckgeben, sofern die Ware vollst\u00e4ndig, ungetragen und unbesch\u00e4digt ist. Es ist nur eine Pr\u00fcfung der Ware erlaubt, wie sie in Gesch\u00e4ften zum Anprobieren zul\u00e4ssig w\u00e4re. Waren, die einen speziellen Hygieneaufkleber und\/oder eine Hygieneversiegelung\/-verschwei\u00dfung tragen, k\u00f6nnen nur zur\u00fcckgegeben werden, wenn der Aufkleber, die Verschwei\u00dfung oder die Versiegelung nicht ge\u00f6ffnet wurde.<\/p><h4>Kontakt<\/h4><p>Warm-ME GmbH<br>Stelzhamerstrasse 5a<br>5020 Salzburg<br>Tel: 0043 662 879270<br>E-Mail: office@warm-me.com<\/p><p>Gesch\u00e4ftsf\u00fchrer: Christian obojes<br>warm-ME GmbH<\/p><p>Salzburger Landes-Hypothekenbank Aktiengesellschaft<br>IBAN: AT31 5500 0102 0004 5431<br>BIC: SLHYAT2S<\/p>\t\t\t\t\t\t\t\t<\/div>\n\t\t\t\t<\/div>\n\t\t\t\t\t<\/div>\n\t\t<\/div>\n\t\t\t\t\t<\/div>\n\t\t<\/section>\n\t\t\t\t<\/div>\n\t\t","protected":false},"excerpt":{"rendered":"<p>Allgemeine Gesch\u00e4ftsbedingungen Warm-ME GmbHStelzhamerstrasse 5a5020 SalzburgTel: 0043 662 879270E-Mail: office@warm-me.com Wir, die Warm-ME GmbH, FN 396111t, Landesgericht Salzburg, f\u00fchren Verk\u00e4ufe und Lieferungen ausschlie\u00dflich auf der Grundlage der folgenden Allgemeinen Gesch\u00e4ftsbedingungen durch, die zum Zeitpunkt der jeweiligen Bestellung g\u00fcltig sind, es sei denn, es wurde zwischen uns und dem Kunden ausdr\u00fccklich etwas anderes schriftlich vereinbart: Wichtige [&hellip;]<\/p>\n","protected":false},"author":1,"featured_media":0,"parent":0,"menu_order":16,"comment_status":"closed","ping_status":"closed","template":"","meta":{"_acf_changed":false,"_joinchat":[],"footnotes":""},"class_list":["post-3745155297391","page","type-page","status-publish","hentry"],"acf":[],"_links":{"self":[{"href":"https:\/\/www.warm-me.com\/de\/wp-json\/wp\/v2\/pages\/3745155297391","targetHints":{"allow":["GET"]}}],"collection":[{"href":"https:\/\/www.warm-me.com\/de\/wp-json\/wp\/v2\/pages"}],"about":[{"href":"https:\/\/www.warm-me.com\/de\/wp-json\/wp\/v2\/types\/page"}],"author":[{"embeddable":true,"href":"https:\/\/www.warm-me.com\/de\/wp-json\/wp\/v2\/users\/1"}],"replies":[{"embeddable":true,"href":"https:\/\/www.warm-me.com\/de\/wp-json\/wp\/v2\/comments?post=3745155297391"}],"version-history":[{"count":1,"href":"https:\/\/www.warm-me.com\/de\/wp-json\/wp\/v2\/pages\/3745155297391\/revisions"}],"predecessor-version":[{"id":3745155297392,"href":"https:\/\/www.warm-me.com\/de\/wp-json\/wp\/v2\/pages\/3745155297391\/revisions\/3745155297392"}],"wp:attachment":[{"href":"https:\/\/www.warm-me.com\/de\/wp-json\/wp\/v2\/media?parent=3745155297391"}],"curies":[{"name":"wp","href":"https:\/\/api.w.org\/{rel}","templated":true}]}}