{"id":3745155297668,"date":"2021-08-01T10:00:18","date_gmt":"2021-08-01T08:00:18","guid":{"rendered":"https:\/\/www.warm-me.com\/product\/muetze-flapme\/"},"modified":"2026-04-20T11:57:48","modified_gmt":"2026-04-20T09:57:48","slug":"muetze-flapme","status":"publish","type":"product","link":"https:\/\/www.warm-me.com\/de\/produkt\/muetze-flapme\/","title":{"rendered":"M\u00fctze FlapMe"},"content":{"rendered":"<p>\u201eUnser ikonisches St\u00fcck verk\u00f6rpert die Essenz dessen, was wir sind \u2013 reiner Kaschmir, bewusste Handwerkskunst und dauerhafter Stil. Zeitlos, m\u00fchelos, unverkennbar Warm Me.\u201c <\/p>\n<p>Details:<\/p>\n<ul>\n<li>100 % Kaschmir<\/li>\n<li>Handgefertigt in Nepal<\/li>\n<li>leichte W\u00e4rme<\/li>\n<li>leichter Strick<\/li>\n<li>passgenauer Strick<\/li>\n<li>Doppellagig<\/li>\n<li>ganzj\u00e4hrig perfekt<\/li>\n<li>Wir empfehlen es auch f\u00fcr Sportarten wie Wandern, Radfahren oder unter dem Skihelm<\/li>\n<li>1-lagig<\/li>\n<\/ul>\n","protected":false},"excerpt":{"rendered":"<p>\u201eUnser ikonisches St\u00fcck verk\u00f6rpert die Essenz dessen, was wir sind \u2013 reiner Kaschmir, bewusste Handwerkskunst und dauerhafter Stil. Zeitlos, m\u00fchelos, unverkennbar Warm Me.\u201c Details: 100 % Kaschmir Handgefertigt in Nepal leichte W\u00e4rme leichter Strick passgenauer Strick Doppellagig ganzj\u00e4hrig perfekt Wir empfehlen es auch f\u00fcr Sportarten wie Wandern, Radfahren oder unter dem Skihelm 1-lagig<\/p>\n","protected":false},"featured_media":3745155297680,"template":"","meta":{"_acf_changed":false,"_joinchat":[]},"product_brand":[],"product_cat":[794,759],"product_tag":[795,796,787],"class_list":{"0":"post-3745155297668","1":"product","2":"type-product","3":"status-publish","4":"has-post-thumbnail","6":"product_cat-kaschmir-kollektion-neuheiten","7":"product_cat-kaschmirmuetzen","8":"product_tag-unisex","9":"product_tag-neu","10":"product_tag-kaschmir","12":"first","13":"instock","14":"taxable","15":"shipping-taxable","16":"purchasable","17":"product-type-variable","18":"has-default-attributes"},"acf":[],"_links":{"self":[{"href":"https:\/\/www.warm-me.com\/de\/wp-json\/wp\/v2\/product\/3745155297668","targetHints":{"allow":["GET"]}}],"collection":[{"href":"https:\/\/www.warm-me.com\/de\/wp-json\/wp\/v2\/product"}],"about":[{"href":"https:\/\/www.warm-me.com\/de\/wp-json\/wp\/v2\/types\/product"}],"wp:featuredmedia":[{"embeddable":true,"href":"https:\/\/www.warm-me.com\/de\/wp-json\/wp\/v2\/media\/3745155297680"}],"wp:attachment":[{"href":"https:\/\/www.warm-me.com\/de\/wp-json\/wp\/v2\/media?parent=3745155297668"}],"wp:term":[{"taxonomy":"product_brand","embeddable":true,"href":"https:\/\/www.warm-me.com\/de\/wp-json\/wp\/v2\/product_brand?post=3745155297668"},{"taxonomy":"product_cat","embeddable":true,"href":"https:\/\/www.warm-me.com\/de\/wp-json\/wp\/v2\/product_cat?post=3745155297668"},{"taxonomy":"product_tag","embeddable":true,"href":"https:\/\/www.warm-me.com\/de\/wp-json\/wp\/v2\/product_tag?post=3745155297668"}],"curies":[{"name":"wp","href":"https:\/\/api.w.org\/{rel}","templated":true}]}}