{"id":3745155297718,"date":"2021-08-01T10:00:20","date_gmt":"2021-08-01T08:00:20","guid":{"rendered":"https:\/\/www.warm-me.com\/product\/muetze-simplex\/"},"modified":"2026-01-26T12:53:28","modified_gmt":"2026-01-26T11:53:28","slug":"muetze-simplex","status":"publish","type":"product","link":"https:\/\/www.warm-me.com\/de\/produkt\/muetze-simplex\/","title":{"rendered":"M\u00fctze Simplex"},"content":{"rendered":"<p>\u201eUnser ikonisches St\u00fcck verk\u00f6rpert die Essenz dessen, was wir sind \u2013 reines Kaschmir, bewusste Handwerkskunst und langlebiger Stil. Zeitlos, m\u00fchelos, unverkennbar Warm Me.\u201c <\/p>\n<p>Details:<\/p>\n<ul>\n<li>100 % Kaschmir<\/li>\n<li>Handgefertigt in Nepal<\/li>\n<li>mittlere W\u00e4rme<\/li>\n<li>mittelschwerer Strick<\/li>\n<li>glatter Linksstrick<\/li>\n<li>Doppellagig<\/li>\n<li>beliebte Wahl f\u00fcr Herren<\/li>\n<li>2-f\u00e4dig<\/li>\n<\/ul>\n","protected":false},"excerpt":{"rendered":"<p>\u201eUnser ikonisches St\u00fcck verk\u00f6rpert die Essenz dessen, was wir sind \u2013 reines Kaschmir, bewusste Handwerkskunst und langlebiger Stil. Zeitlos, m\u00fchelos, unverkennbar Warm Me.\u201c Details: 100 % Kaschmir Handgefertigt in Nepal mittlere W\u00e4rme mittelschwerer Strick glatter Linksstrick Doppellagig beliebte Wahl f\u00fcr Herren 2-f\u00e4dig<\/p>\n","protected":false},"featured_media":3745155297722,"template":"","meta":{"_acf_changed":false,"_joinchat":[]},"product_brand":[],"product_cat":[759],"product_tag":[787,795],"class_list":{"0":"post-3745155297718","1":"product","2":"type-product","3":"status-publish","4":"has-post-thumbnail","6":"product_cat-kaschmirmuetzen","7":"product_tag-kaschmir","8":"product_tag-unisex","10":"first","11":"instock","12":"taxable","13":"shipping-taxable","14":"purchasable","15":"product-type-variable","16":"has-default-attributes"},"acf":[],"_links":{"self":[{"href":"https:\/\/www.warm-me.com\/de\/wp-json\/wp\/v2\/product\/3745155297718","targetHints":{"allow":["GET"]}}],"collection":[{"href":"https:\/\/www.warm-me.com\/de\/wp-json\/wp\/v2\/product"}],"about":[{"href":"https:\/\/www.warm-me.com\/de\/wp-json\/wp\/v2\/types\/product"}],"wp:featuredmedia":[{"embeddable":true,"href":"https:\/\/www.warm-me.com\/de\/wp-json\/wp\/v2\/media\/3745155297722"}],"wp:attachment":[{"href":"https:\/\/www.warm-me.com\/de\/wp-json\/wp\/v2\/media?parent=3745155297718"}],"wp:term":[{"taxonomy":"product_brand","embeddable":true,"href":"https:\/\/www.warm-me.com\/de\/wp-json\/wp\/v2\/product_brand?post=3745155297718"},{"taxonomy":"product_cat","embeddable":true,"href":"https:\/\/www.warm-me.com\/de\/wp-json\/wp\/v2\/product_cat?post=3745155297718"},{"taxonomy":"product_tag","embeddable":true,"href":"https:\/\/www.warm-me.com\/de\/wp-json\/wp\/v2\/product_tag?post=3745155297718"}],"curies":[{"name":"wp","href":"https:\/\/api.w.org\/{rel}","templated":true}]}}