{"id":3745155297804,"date":"2023-05-31T22:06:25","date_gmt":"2023-05-31T20:06:25","guid":{"rendered":"https:\/\/www.warm-me.com\/product\/ida-hose-oversized-bio-baumwolle\/"},"modified":"2026-03-09T11:19:26","modified_gmt":"2026-03-09T10:19:26","slug":"ida-hose-oversized-bio-baumwolle","status":"publish","type":"product","link":"https:\/\/www.warm-me.com\/de\/produkt\/ida-hose-oversized-bio-baumwolle\/","title":{"rendered":"Ida Hose Oversized &#8211; Bio-Baumwolle"},"content":{"rendered":"<p>Ida ist unser Signature-Style, leicht oversized geschnitten f\u00fcr ein gem\u00fctliches Tragegef\u00fchl bei jeder Gelegenheit. Wir lieben die Kombination mit unseren Kaschmirpullovern.  VIANA Warm Me ist f\u00fcr das ganze Jahr konzipiert.<\/p>\n<ul>\n<li>100 % Bio-Baumwolle<\/li>\n<li>kleines, gesticktes Logo-Symbol am unteren Rand<\/li>\n<li>elastischer Bund<\/li>\n<li>zwei Taschen in den N\u00e4hten<\/li>\n<li>Kordelzug<\/li>\n<li>f\u00e4llt gr\u00f6\u00dfengetreu aus<\/li>\n<li>Leicht \u00fcbergro\u00dfe Passform<\/li>\n<\/ul>\n","protected":false},"excerpt":{"rendered":"<p>Ida ist unser Signature-Style, leicht oversized geschnitten f\u00fcr ein gem\u00fctliches Tragegef\u00fchl bei jeder Gelegenheit. Wir lieben die Kombination mit unseren Kaschmirpullovern. VIANA Warm Me ist f\u00fcr das ganze Jahr konzipiert. 100 % Bio-Baumwolle kleines, gesticktes Logo-Symbol am unteren Rand elastischer Bund zwei Taschen in den N\u00e4hten Kordelzug f\u00e4llt gr\u00f6\u00dfengetreu aus Leicht \u00fcbergro\u00dfe Passform<\/p>\n","protected":false},"featured_media":3745155297815,"template":"","meta":{"_acf_changed":false,"_joinchat":[]},"product_brand":[],"product_cat":[843,844,841],"product_tag":[845,846,847,848],"class_list":{"0":"post-3745155297804","1":"product","2":"type-product","3":"status-publish","4":"has-post-thumbnail","6":"product_cat-viana","7":"product_cat-viana-hose","8":"product_cat-kaschmirhose","9":"product_tag-portugal","10":"product_tag-bio-baumwolle","11":"product_tag-oversized-passform","12":"product_tag-hose","14":"first","15":"instock","16":"taxable","17":"shipping-taxable","18":"purchasable","19":"product-type-variable","20":"has-default-attributes"},"acf":[],"_links":{"self":[{"href":"https:\/\/www.warm-me.com\/de\/wp-json\/wp\/v2\/product\/3745155297804","targetHints":{"allow":["GET"]}}],"collection":[{"href":"https:\/\/www.warm-me.com\/de\/wp-json\/wp\/v2\/product"}],"about":[{"href":"https:\/\/www.warm-me.com\/de\/wp-json\/wp\/v2\/types\/product"}],"wp:featuredmedia":[{"embeddable":true,"href":"https:\/\/www.warm-me.com\/de\/wp-json\/wp\/v2\/media\/3745155297815"}],"wp:attachment":[{"href":"https:\/\/www.warm-me.com\/de\/wp-json\/wp\/v2\/media?parent=3745155297804"}],"wp:term":[{"taxonomy":"product_brand","embeddable":true,"href":"https:\/\/www.warm-me.com\/de\/wp-json\/wp\/v2\/product_brand?post=3745155297804"},{"taxonomy":"product_cat","embeddable":true,"href":"https:\/\/www.warm-me.com\/de\/wp-json\/wp\/v2\/product_cat?post=3745155297804"},{"taxonomy":"product_tag","embeddable":true,"href":"https:\/\/www.warm-me.com\/de\/wp-json\/wp\/v2\/product_tag?post=3745155297804"}],"curies":[{"name":"wp","href":"https:\/\/api.w.org\/{rel}","templated":true}]}}