{"id":3745155297823,"date":"2022-11-23T16:12:41","date_gmt":"2022-11-23T15:12:41","guid":{"rendered":"https:\/\/www.warm-me.com\/product\/pilo-2-fusselrasierer-sand\/"},"modified":"2022-11-23T16:12:41","modified_gmt":"2022-11-23T15:12:41","slug":"pilo-2-fusselrasierer-sand","status":"publish","type":"product","link":"https:\/\/www.warm-me.com\/de\/produkt\/pilo-2-fusselrasierer-sand\/","title":{"rendered":"Pilo 2 Fusselrasierer Sand"},"content":{"rendered":"<p>Er repr\u00e4sentiert die ideale Balance zwischen Funktion und \u00c4sthetik. Der Pilo 2 Fusselrasierer ist sanft und dennoch effektiv und entfernt Fusseln und Kn\u00f6tchen von allen Arten von Materialien. Mit sechs Pr\u00e4zisionsklingen und einer gro\u00dfen Rasierfl\u00e4che ist der Pilo 2 Fusselrasierer leistungsst\u00e4rker und effizienter als andere Fusselrasierer auf dem Markt.  <\/p>\n<div class=\"section-header\">\n<h5>Wie es funktioniert<\/h5>\n<\/div>\n<div class=\"section-content body_2\">\n<p>Viele halten Kleidung oder Heimtextilien aufgrund von Fusseln und Kn\u00f6tchen f\u00fcr abgenutzt. Doch indem Sie die Kn\u00f6tchen einfach mit einem Fusselrasierer entfernen, sehen Ihre Textilien wieder wie neu aus. Um schnell kn\u00f6tchen- und fusselfreie Kleidung zu erhalten, legen Sie Ihr Kleidungsst\u00fcck auf eine ebene Fl\u00e4che und f\u00fchren Sie die D\u00fcse sanft \u00fcber den Stoff.  <\/p>\n<p>Der Pilo 2 Fusselrasierer funktioniert perfekt sowohl bei Kleidung als auch bei Heimtextilien, wie Strickwaren, M\u00e4nteln, Schals, Socken, Sofas, Armlehnen und Decken. Er funktioniert auf allen Arten von Materialien, selbst den empfindlichsten, und verf\u00fcgt zudem \u00fcber eine neue L\u00f6sung, die die Reinigung des Ger\u00e4ts von Fusseln erleichtert. <\/p>\n<\/div>\n<p>&nbsp;<\/p>\n<p><strong><a href=\"https:\/\/steamerystockholm.com\/tutorials\" target=\"_blank\" rel=\"noopener\">Tutorial ansehen<\/a><\/strong> | <strong><a href=\"https:\/\/steamerystockholm.com\/product-manuals\" target=\"_blank\" rel=\"noopener\">Benutzerhandbuch ansehen<\/a><\/strong><\/p>\n","protected":false},"excerpt":{"rendered":"<p>Er repr\u00e4sentiert die ideale Balance zwischen Funktion und \u00c4sthetik. Der Pilo 2 Fusselrasierer ist sanft und dennoch effektiv und entfernt Fusseln und Kn\u00f6tchen von allen Arten von Materialien. Mit sechs Pr\u00e4zisionsklingen und einer gro\u00dfen Rasierfl\u00e4che ist der Pilo 2 Fusselrasierer leistungsst\u00e4rker und effizienter als andere Fusselrasierer auf dem Markt. Wie es funktioniert Viele halten Kleidung [&hellip;]<\/p>\n","protected":false},"featured_media":3745155291765,"template":"","meta":{"_acf_changed":false,"_joinchat":[]},"product_brand":[755],"product_cat":[856],"product_tag":[857],"class_list":{"0":"post-3745155297823","1":"product","2":"type-product","3":"status-publish","4":"has-post-thumbnail","6":"product_brand-steamery","7":"product_cat-pflege","8":"product_tag-pflege","10":"first","11":"instock","12":"taxable","13":"shipping-taxable","14":"purchasable","15":"product-type-simple"},"acf":[],"_links":{"self":[{"href":"https:\/\/www.warm-me.com\/de\/wp-json\/wp\/v2\/product\/3745155297823","targetHints":{"allow":["GET"]}}],"collection":[{"href":"https:\/\/www.warm-me.com\/de\/wp-json\/wp\/v2\/product"}],"about":[{"href":"https:\/\/www.warm-me.com\/de\/wp-json\/wp\/v2\/types\/product"}],"wp:featuredmedia":[{"embeddable":true,"href":"https:\/\/www.warm-me.com\/de\/wp-json\/wp\/v2\/media\/3745155291765"}],"wp:attachment":[{"href":"https:\/\/www.warm-me.com\/de\/wp-json\/wp\/v2\/media?parent=3745155297823"}],"wp:term":[{"taxonomy":"product_brand","embeddable":true,"href":"https:\/\/www.warm-me.com\/de\/wp-json\/wp\/v2\/product_brand?post=3745155297823"},{"taxonomy":"product_cat","embeddable":true,"href":"https:\/\/www.warm-me.com\/de\/wp-json\/wp\/v2\/product_cat?post=3745155297823"},{"taxonomy":"product_tag","embeddable":true,"href":"https:\/\/www.warm-me.com\/de\/wp-json\/wp\/v2\/product_tag?post=3745155297823"}],"curies":[{"name":"wp","href":"https:\/\/api.w.org\/{rel}","templated":true}]}}