{"id":3745155297860,"date":"2021-10-17T20:52:46","date_gmt":"2021-10-17T18:52:46","guid":{"rendered":"https:\/\/www.warm-me.com\/product\/fusselbuerste-beige\/"},"modified":"2021-10-17T20:52:46","modified_gmt":"2021-10-17T18:52:46","slug":"fusselbuerste-beige","status":"publish","type":"product","link":"https:\/\/www.warm-me.com\/de\/produkt\/fusselbuerste-beige\/","title":{"rendered":"Fusselb\u00fcrste beige"},"content":{"rendered":"<p>Der Alltag hinterl\u00e4sst Spuren auf Ihrer Kleidung. Diese moderne Kleiderb\u00fcrste ist eine nachhaltige Alternative zur alten Klebebandrolle \u2013 und h\u00e4lt Ihre Kleidung und M\u00f6bel makellos und frei von Haaren, Staub, Fusseln, Schuppen und was auch immer. <\/p>\n<h5>Wie es funktioniert<\/h5>\n<p>Die Borsten bestehen aus einem Polyestergewebe, bei dem alle winzigen Borsten in die gleiche geneigte Richtung zeigen. Wenn Sie die B\u00fcrste gegen die Borsten bewegen, heben die Borsten den Fussel, das Haar, die Schuppen, die Untiefe und den Schmutz an und fangen sie auf. Drehen Sie den Griff 2\u20133 Mal, um die B\u00fcrste zu reinigen. Dr\u00fccken Sie auf den Deckel oben auf der B\u00fcrste, um den Beh\u00e4lter zu leeren.   <\/p>\n","protected":false},"excerpt":{"rendered":"<p>Der Alltag hinterl\u00e4sst Spuren auf Ihrer Kleidung. Diese moderne Kleiderb\u00fcrste ist eine nachhaltige Alternative zur alten Klebebandrolle \u2013 und h\u00e4lt Ihre Kleidung und M\u00f6bel makellos und frei von Haaren, Staub, Fusseln, Schuppen und was auch immer. Wie es funktioniert Die Borsten bestehen aus einem Polyestergewebe, bei dem alle winzigen Borsten in die gleiche geneigte Richtung [&hellip;]<\/p>\n","protected":false},"featured_media":3745155297115,"template":"","meta":{"_acf_changed":false,"_joinchat":[]},"product_brand":[755],"product_cat":[856],"product_tag":[857],"class_list":{"0":"post-3745155297860","1":"product","2":"type-product","3":"status-publish","4":"has-post-thumbnail","6":"product_brand-steamery","7":"product_cat-pflege","8":"product_tag-pflege","10":"first","11":"instock","12":"taxable","13":"shipping-taxable","14":"purchasable","15":"product-type-simple"},"acf":[],"_links":{"self":[{"href":"https:\/\/www.warm-me.com\/de\/wp-json\/wp\/v2\/product\/3745155297860","targetHints":{"allow":["GET"]}}],"collection":[{"href":"https:\/\/www.warm-me.com\/de\/wp-json\/wp\/v2\/product"}],"about":[{"href":"https:\/\/www.warm-me.com\/de\/wp-json\/wp\/v2\/types\/product"}],"wp:featuredmedia":[{"embeddable":true,"href":"https:\/\/www.warm-me.com\/de\/wp-json\/wp\/v2\/media\/3745155297115"}],"wp:attachment":[{"href":"https:\/\/www.warm-me.com\/de\/wp-json\/wp\/v2\/media?parent=3745155297860"}],"wp:term":[{"taxonomy":"product_brand","embeddable":true,"href":"https:\/\/www.warm-me.com\/de\/wp-json\/wp\/v2\/product_brand?post=3745155297860"},{"taxonomy":"product_cat","embeddable":true,"href":"https:\/\/www.warm-me.com\/de\/wp-json\/wp\/v2\/product_cat?post=3745155297860"},{"taxonomy":"product_tag","embeddable":true,"href":"https:\/\/www.warm-me.com\/de\/wp-json\/wp\/v2\/product_tag?post=3745155297860"}],"curies":[{"name":"wp","href":"https:\/\/api.w.org\/{rel}","templated":true}]}}