{"id":3745155297871,"date":"2021-08-01T10:00:26","date_gmt":"2021-08-01T08:00:26","guid":{"rendered":"https:\/\/www.warm-me.com\/product\/pullover-livia\/"},"modified":"2026-01-16T09:35:05","modified_gmt":"2026-01-16T08:35:05","slug":"pullover-livia","status":"publish","type":"product","link":"https:\/\/www.warm-me.com\/de\/produkt\/pullover-livia\/","title":{"rendered":"Pullover Livia"},"content":{"rendered":"<p>Das perfekte Must-have f\u00fcr den Winter: ein kuscheliger Kaschmirpullover mit Stehkragen f\u00fcr m\u00fchelose W\u00e4rme und raffinierten Stil. Zeitloser Komfort mit moderner Eleganz. <\/p>\n<ul>\n<li>100 % Kaschmir<\/li>\n<li>handgefertigt in Nepal<\/li>\n<li>Leicht \u00fcbergro\u00dfe Passform<\/li>\n<li>geripptes B\u00fcndchen<\/li>\n<li>Stehkragen<\/li>\n<\/ul>\n","protected":false},"excerpt":{"rendered":"<p>Das perfekte Must-have f\u00fcr den Winter: ein kuscheliger Kaschmirpullover mit Stehkragen f\u00fcr m\u00fchelose W\u00e4rme und raffinierten Stil. Zeitloser Komfort mit moderner Eleganz. 100 % Kaschmir handgefertigt in Nepal Leicht \u00fcbergro\u00dfe Passform geripptes B\u00fcndchen Stehkragen<\/p>\n","protected":false},"featured_media":3745155297877,"template":"","meta":{"_acf_changed":false,"_joinchat":[]},"product_brand":[],"product_cat":[852,867],"product_tag":[787],"class_list":{"0":"post-3745155297871","1":"product","2":"type-product","3":"status-publish","4":"has-post-thumbnail","6":"product_cat-bekleidung","7":"product_cat-kaschmirpullover","8":"product_tag-kaschmir","10":"first","11":"instock","12":"taxable","13":"shipping-taxable","14":"purchasable","15":"product-type-variable","16":"has-default-attributes"},"acf":[],"_links":{"self":[{"href":"https:\/\/www.warm-me.com\/de\/wp-json\/wp\/v2\/product\/3745155297871","targetHints":{"allow":["GET"]}}],"collection":[{"href":"https:\/\/www.warm-me.com\/de\/wp-json\/wp\/v2\/product"}],"about":[{"href":"https:\/\/www.warm-me.com\/de\/wp-json\/wp\/v2\/types\/product"}],"wp:featuredmedia":[{"embeddable":true,"href":"https:\/\/www.warm-me.com\/de\/wp-json\/wp\/v2\/media\/3745155297877"}],"wp:attachment":[{"href":"https:\/\/www.warm-me.com\/de\/wp-json\/wp\/v2\/media?parent=3745155297871"}],"wp:term":[{"taxonomy":"product_brand","embeddable":true,"href":"https:\/\/www.warm-me.com\/de\/wp-json\/wp\/v2\/product_brand?post=3745155297871"},{"taxonomy":"product_cat","embeddable":true,"href":"https:\/\/www.warm-me.com\/de\/wp-json\/wp\/v2\/product_cat?post=3745155297871"},{"taxonomy":"product_tag","embeddable":true,"href":"https:\/\/www.warm-me.com\/de\/wp-json\/wp\/v2\/product_tag?post=3745155297871"}],"curies":[{"name":"wp","href":"https:\/\/api.w.org\/{rel}","templated":true}]}}