{"id":3745155297885,"date":"2021-08-01T10:00:24","date_gmt":"2021-08-01T08:00:24","guid":{"rendered":"https:\/\/www.warm-me.com\/product\/schal-nomad-klein\/"},"modified":"2026-04-13T10:27:42","modified_gmt":"2026-04-13T08:27:42","slug":"schal-nomad-klein","status":"publish","type":"product","link":"https:\/\/www.warm-me.com\/de\/produkt\/schal-nomad-klein\/","title":{"rendered":"Schal Nomad klein"},"content":{"rendered":"<p>Der Nomad Small Scarf ist ein luxuri\u00f6ses, handgefertigtes Kaschmir-Accessoire, das jedem Outfit m\u00fchelosen Stil verleiht. Sein feiner, zarter Glattstrick macht ihn leicht und kuschelig, w\u00e4hrend die traditionellen Fransenenden Eleganz und Handwerkskunst betonen. Perfekt vielseitig \u2013 tragen Sie ihn um den Hals, locker \u00fcber die Schultern gelegt oder an eine Tasche geknotet \u2013 f\u00fcr zeitlosen Komfort und stilvolle Akzente das ganze Jahr \u00fcber.  <\/p>\n<p>Details:<\/p>\n<ul>\n<li>100 % mongolisches Kaschmir<\/li>\n<li>handgefertigt in Nepal<\/li>\n<li>sehr feiner, zarter Glattstrick (1-f\u00e4dig)<\/li>\n<li>traditionelle Fransenenden<\/li>\n<\/ul>\n","protected":false},"excerpt":{"rendered":"<p>Der Nomad Small Scarf ist ein luxuri\u00f6ses, handgefertigtes Kaschmir-Accessoire, das jedem Outfit m\u00fchelosen Stil verleiht. Sein feiner, zarter Glattstrick macht ihn leicht und kuschelig, w\u00e4hrend die traditionellen Fransenenden Eleganz und Handwerkskunst betonen. Perfekt vielseitig \u2013 tragen Sie ihn um den Hals, locker \u00fcber die Schultern gelegt oder an eine Tasche geknotet \u2013 f\u00fcr zeitlosen Komfort [&hellip;]<\/p>\n","protected":false},"featured_media":3745155297895,"template":"","meta":{"_acf_changed":false,"_joinchat":[]},"product_brand":[],"product_cat":[824,827],"product_tag":[795,787],"class_list":{"0":"post-3745155297885","1":"product","2":"type-product","3":"status-publish","4":"has-post-thumbnail","6":"product_cat-kaschmirschals-handschuhe","7":"product_cat-kaschmirschals","8":"product_tag-unisex","9":"product_tag-kaschmir","11":"first","12":"instock","13":"taxable","14":"shipping-taxable","15":"purchasable","16":"product-type-variable","17":"has-default-attributes"},"acf":[],"_links":{"self":[{"href":"https:\/\/www.warm-me.com\/de\/wp-json\/wp\/v2\/product\/3745155297885","targetHints":{"allow":["GET"]}}],"collection":[{"href":"https:\/\/www.warm-me.com\/de\/wp-json\/wp\/v2\/product"}],"about":[{"href":"https:\/\/www.warm-me.com\/de\/wp-json\/wp\/v2\/types\/product"}],"wp:featuredmedia":[{"embeddable":true,"href":"https:\/\/www.warm-me.com\/de\/wp-json\/wp\/v2\/media\/3745155297895"}],"wp:attachment":[{"href":"https:\/\/www.warm-me.com\/de\/wp-json\/wp\/v2\/media?parent=3745155297885"}],"wp:term":[{"taxonomy":"product_brand","embeddable":true,"href":"https:\/\/www.warm-me.com\/de\/wp-json\/wp\/v2\/product_brand?post=3745155297885"},{"taxonomy":"product_cat","embeddable":true,"href":"https:\/\/www.warm-me.com\/de\/wp-json\/wp\/v2\/product_cat?post=3745155297885"},{"taxonomy":"product_tag","embeddable":true,"href":"https:\/\/www.warm-me.com\/de\/wp-json\/wp\/v2\/product_tag?post=3745155297885"}],"curies":[{"name":"wp","href":"https:\/\/api.w.org\/{rel}","templated":true}]}}