{"id":3745155297903,"date":"2022-02-15T09:00:32","date_gmt":"2022-02-15T08:00:32","guid":{"rendered":"https:\/\/www.warm-me.com\/product\/kaja-t-shirt-bio-baumwolle\/"},"modified":"2026-01-17T13:28:44","modified_gmt":"2026-01-17T12:28:44","slug":"kaja-t-shirt-bio-baumwolle","status":"publish","type":"product","link":"https:\/\/www.warm-me.com\/de\/produkt\/kaja-t-shirt-bio-baumwolle\/","title":{"rendered":"Kaja T-Shirt \u2013 Bio-Baumwolle"},"content":{"rendered":"<p>Unser Kaja T-Shirt hat eine entspannte Silhouette. Hergestellt aus superfeiner Bio-Baumwolle. Logostickerei am R\u00fccken. VIANA Warm Me ist so konzipiert, dass es das ganze Jahr \u00fcber getragen werden kann.   <\/p>\n<ul>\n<li>100 % Bio-Baumwolle<\/li>\n<li>leicht lockere Passform<\/li>\n<li>kleines gesticktes WARM ME-Logo auf der R\u00fcckseite<\/li>\n<li>f\u00e4llt gr\u00f6\u00dfengetreu aus<\/li>\n<\/ul>\n","protected":false},"excerpt":{"rendered":"<p>Unser Kaja T-Shirt hat eine entspannte Silhouette. Hergestellt aus superfeiner Bio-Baumwolle. Logostickerei am R\u00fccken. VIANA Warm Me ist so konzipiert, dass es das ganze Jahr \u00fcber getragen werden kann. 100 % Bio-Baumwolle leicht lockere Passform kleines gesticktes WARM ME-Logo auf der R\u00fcckseite f\u00e4llt gr\u00f6\u00dfengetreu aus<\/p>\n","protected":false},"featured_media":3745155297909,"template":"","meta":{"_acf_changed":false,"_joinchat":[]},"product_brand":[],"product_cat":[843,873,876],"product_tag":[845,846,879],"class_list":{"0":"post-3745155297903","1":"product","2":"type-product","3":"status-publish","4":"has-post-thumbnail","6":"product_cat-viana","7":"product_cat-kaschmir-shirts","8":"product_cat-viana-t-shirts","9":"product_tag-portugal","10":"product_tag-bio-baumwolle","11":"product_tag-entspannte-silhouette","13":"first","14":"outofstock","15":"taxable","16":"shipping-taxable","17":"purchasable","18":"product-type-variable","19":"has-default-attributes"},"acf":[],"_links":{"self":[{"href":"https:\/\/www.warm-me.com\/de\/wp-json\/wp\/v2\/product\/3745155297903","targetHints":{"allow":["GET"]}}],"collection":[{"href":"https:\/\/www.warm-me.com\/de\/wp-json\/wp\/v2\/product"}],"about":[{"href":"https:\/\/www.warm-me.com\/de\/wp-json\/wp\/v2\/types\/product"}],"wp:featuredmedia":[{"embeddable":true,"href":"https:\/\/www.warm-me.com\/de\/wp-json\/wp\/v2\/media\/3745155297909"}],"wp:attachment":[{"href":"https:\/\/www.warm-me.com\/de\/wp-json\/wp\/v2\/media?parent=3745155297903"}],"wp:term":[{"taxonomy":"product_brand","embeddable":true,"href":"https:\/\/www.warm-me.com\/de\/wp-json\/wp\/v2\/product_brand?post=3745155297903"},{"taxonomy":"product_cat","embeddable":true,"href":"https:\/\/www.warm-me.com\/de\/wp-json\/wp\/v2\/product_cat?post=3745155297903"},{"taxonomy":"product_tag","embeddable":true,"href":"https:\/\/www.warm-me.com\/de\/wp-json\/wp\/v2\/product_tag?post=3745155297903"}],"curies":[{"name":"wp","href":"https:\/\/api.w.org\/{rel}","templated":true}]}}