{"id":3745155297915,"date":"2021-10-17T21:06:34","date_gmt":"2021-10-17T19:06:34","guid":{"rendered":"https:\/\/www.warm-me.com\/product\/cirrus-nr-3-dampfglaetter-sand\/"},"modified":"2026-04-22T15:19:22","modified_gmt":"2026-04-22T13:19:22","slug":"cirrus-nr-3-dampfglaetter-sand","status":"publish","type":"product","link":"https:\/\/www.warm-me.com\/de\/produkt\/cirrus-nr-3-dampfglaetter-sand\/","title":{"rendered":"Cirrus Nr.3 Iron Steamer &#8211; Dampfgl\u00e4tter Sand"},"content":{"rendered":"<div class=\"product-single__description\">\n<div class=\"section-header\"><\/div>\n<div class=\"section-content body_2\">\n<p>Unser preisgekr\u00f6nter Cirrus 3 Iron Steamer kombiniert die Funktionalit\u00e4t eines Steamers und eines B\u00fcgeleisens, um ein glattes, faltenfreies Aussehen mit geb\u00fcgelten Kragen und Manschetten zu erzielen. Dieser Steamer mit seiner geometrischen Silhouette, die skandinavischen Minimalismus ausstrahlt, ist auch deshalb einzigartig, weil er eine besondere Art von hochwertigem, trockenem Dampf erzeugt.<\/p>\n<div class=\"section-header\">\n<h5>Funktionen<\/h5>\n<\/div>\n<div class=\"section-content body_2\">\n<ul>\n<li>Steamer und B\u00fcgeleisen in einem Pr<\/li>\n<li>Gl\u00e4ttet Falten an Ihrer Kleidung im Handumdrehen<\/li>\n<li>Frischt den Stoff auf und eliminiert 99,9 % aller Bakterien<\/li>\n<li>Leichtes und kompaktes Design<\/li>\n<li>Automatische Abschaltung nach 30 Minuten<\/li>\n<li>Flaches Design zur einfachen Aufbewahrung<\/li>\n<li>Ergonomischer Griff mit intuitiven Tasten<\/li>\n<li>Hitzebest\u00e4ndiges Steaming Pad inklusive<\/li>\n<li>Einsatzbereit in 25 Sekunden<\/li>\n<\/ul>\n<\/div>\n<\/div>\n<\/div>\n<p><strong><a href=\"https:\/\/steamerystockholm.com\/tutorials\" target=\"_blank\" rel=\"noopener\">Tutorial ansehen<\/a><\/strong> | <strong><a href=\"https:\/\/steamerystockholm.com\/product-manuals\" target=\"_blank\" rel=\"noopener\">Bedienungsanleitung ansehen<\/a><\/strong><\/p>\n","protected":false},"excerpt":{"rendered":"<p>Unser preisgekr\u00f6nter Cirrus 3 Iron Steamer kombiniert die Funktionalit\u00e4t eines Steamers und eines B\u00fcgeleisens, um ein glattes, faltenfreies Aussehen mit geb\u00fcgelten Kragen und Manschetten zu erzielen. Dieser Steamer mit seiner geometrischen Silhouette, die skandinavischen Minimalismus ausstrahlt, ist auch deshalb einzigartig, weil er eine besondere Art von hochwertigem, trockenem Dampf erzeugt. Funktionen Steamer und B\u00fcgeleisen in [&hellip;]<\/p>\n","protected":false},"featured_media":3745155300864,"template":"","meta":{"_acf_changed":false,"_joinchat":[]},"product_brand":[],"product_cat":[856],"product_tag":[857],"class_list":{"0":"post-3745155297915","1":"product","2":"type-product","3":"status-publish","4":"has-post-thumbnail","6":"product_cat-pflege","7":"product_tag-pflege","9":"first","10":"instock","11":"taxable","12":"shipping-taxable","13":"purchasable","14":"product-type-simple"},"acf":[],"_links":{"self":[{"href":"https:\/\/www.warm-me.com\/de\/wp-json\/wp\/v2\/product\/3745155297915","targetHints":{"allow":["GET"]}}],"collection":[{"href":"https:\/\/www.warm-me.com\/de\/wp-json\/wp\/v2\/product"}],"about":[{"href":"https:\/\/www.warm-me.com\/de\/wp-json\/wp\/v2\/types\/product"}],"wp:featuredmedia":[{"embeddable":true,"href":"https:\/\/www.warm-me.com\/de\/wp-json\/wp\/v2\/media\/3745155300864"}],"wp:attachment":[{"href":"https:\/\/www.warm-me.com\/de\/wp-json\/wp\/v2\/media?parent=3745155297915"}],"wp:term":[{"taxonomy":"product_brand","embeddable":true,"href":"https:\/\/www.warm-me.com\/de\/wp-json\/wp\/v2\/product_brand?post=3745155297915"},{"taxonomy":"product_cat","embeddable":true,"href":"https:\/\/www.warm-me.com\/de\/wp-json\/wp\/v2\/product_cat?post=3745155297915"},{"taxonomy":"product_tag","embeddable":true,"href":"https:\/\/www.warm-me.com\/de\/wp-json\/wp\/v2\/product_tag?post=3745155297915"}],"curies":[{"name":"wp","href":"https:\/\/api.w.org\/{rel}","templated":true}]}}