{"id":3745155297950,"date":"2021-08-01T10:00:18","date_gmt":"2021-08-01T08:00:18","guid":{"rendered":"https:\/\/www.warm-me.com\/product\/muetze-damian\/"},"modified":"2026-03-19T12:18:29","modified_gmt":"2026-03-19T11:18:29","slug":"muetze-damian","status":"publish","type":"product","link":"https:\/\/www.warm-me.com\/de\/produkt\/muetze-damian\/","title":{"rendered":"M\u00fctze Damian"},"content":{"rendered":"<p>\u201eUnser ikonisches St\u00fcck verk\u00f6rpert die Essenz dessen, was wir sind \u2013 reiner Kaschmir, bewusste Handwerkskunst und dauerhafter Stil. Zeitlos, m\u00fchelos, unverkennbar Warm Me.\u201c <\/p>\n<div>Details:<\/div>\n<ul>\n<li>100 % Kaschmir<\/li>\n<li>Handgefertigt in Nepal<\/li>\n<li>mittlere W\u00e4rme<\/li>\n<li>glatt gestrickt<\/li>\n<li>gut f\u00fcr das ganze Jahr<\/li>\n<li>beliebte Wahl f\u00fcr Herren<\/li>\n<li>1-lagig<\/li>\n<\/ul>\n<p>&nbsp;<\/p>\n<p>&nbsp;<\/p>\n","protected":false},"excerpt":{"rendered":"<p>\u201eUnser ikonisches St\u00fcck verk\u00f6rpert die Essenz dessen, was wir sind \u2013 reiner Kaschmir, bewusste Handwerkskunst und dauerhafter Stil. Zeitlos, m\u00fchelos, unverkennbar Warm Me.\u201c Details: 100 % Kaschmir Handgefertigt in Nepal mittlere W\u00e4rme glatt gestrickt gut f\u00fcr das ganze Jahr beliebte Wahl f\u00fcr Herren 1-lagig &nbsp; &nbsp;<\/p>\n","protected":false},"featured_media":3745155297952,"template":"","meta":{"_acf_changed":false,"_joinchat":[]},"product_brand":[],"product_cat":[794,759],"product_tag":[787,795,796],"class_list":{"0":"post-3745155297950","1":"product","2":"type-product","3":"status-publish","4":"has-post-thumbnail","6":"product_cat-kaschmir-kollektion-neuheiten","7":"product_cat-kaschmirmuetzen","8":"product_tag-kaschmir","9":"product_tag-unisex","10":"product_tag-neu","12":"first","13":"instock","14":"taxable","15":"shipping-taxable","16":"purchasable","17":"product-type-variable","18":"has-default-attributes"},"acf":[],"_links":{"self":[{"href":"https:\/\/www.warm-me.com\/de\/wp-json\/wp\/v2\/product\/3745155297950","targetHints":{"allow":["GET"]}}],"collection":[{"href":"https:\/\/www.warm-me.com\/de\/wp-json\/wp\/v2\/product"}],"about":[{"href":"https:\/\/www.warm-me.com\/de\/wp-json\/wp\/v2\/types\/product"}],"wp:featuredmedia":[{"embeddable":true,"href":"https:\/\/www.warm-me.com\/de\/wp-json\/wp\/v2\/media\/3745155297952"}],"wp:attachment":[{"href":"https:\/\/www.warm-me.com\/de\/wp-json\/wp\/v2\/media?parent=3745155297950"}],"wp:term":[{"taxonomy":"product_brand","embeddable":true,"href":"https:\/\/www.warm-me.com\/de\/wp-json\/wp\/v2\/product_brand?post=3745155297950"},{"taxonomy":"product_cat","embeddable":true,"href":"https:\/\/www.warm-me.com\/de\/wp-json\/wp\/v2\/product_cat?post=3745155297950"},{"taxonomy":"product_tag","embeddable":true,"href":"https:\/\/www.warm-me.com\/de\/wp-json\/wp\/v2\/product_tag?post=3745155297950"}],"curies":[{"name":"wp","href":"https:\/\/api.w.org\/{rel}","templated":true}]}}