{"id":3745155297990,"date":"2025-10-22T16:03:35","date_gmt":"2025-10-22T14:03:35","guid":{"rendered":"https:\/\/www.warm-me.com\/product\/feinwaschmittel-2-x-20-ml\/"},"modified":"2025-10-22T16:03:35","modified_gmt":"2025-10-22T14:03:35","slug":"feinwaschmittel-2-x-20-ml","status":"publish","type":"product","link":"https:\/\/www.warm-me.com\/de\/produkt\/feinwaschmittel-2-x-20-ml\/","title":{"rendered":"Feinwaschmittel 2 x 20 ml"},"content":{"rendered":"<div class=\"current-product-purchase-form-wrapper\">\n<form class=\"product\" action=\"https:\/\/steamerystockholm.com\/delicate-laundry-detergent\" method=\"GET\" data-guid=\"956fc9f5-7e4a-41c5-9a41-31dd79c62a8f\" data-product_id=\"764\" data-product_name=\"Delicate Laundry Detergent\" data-price=\"19.00\" data-price_original=\"19.00\" data-product_category=\"Delicate Laundry Detergent\" data-product_brand=\"Steamery\" data-url_image=\"https:\/\/steamerystockholm.com\/site\/assets\/product_img\/477\/delicate_detergent_grid_02.jpg\" data-url_product=\"https:\/\/steamerystockholm.com\/delicate-laundry-detergent\" data-site_metadata=\"{\"url_image_small\":\"\/site\/assets\/product_img\/477\/cache\/delicate_detergent_grid_02_w80.jpg\",\"price_pretty\":\"19 u20ac\"}\">\n<div class=\"current-product-add-to-cart-button\">Wir pr\u00e4sentieren die einfachste Art, Ihre Kleidung unterwegs zu waschen. Nehmen Sie diese 20-ml-Waschmittelbeutel in Ihrer Reisetasche mit, um sie einfach im n\u00e4chsten Waschbecken von Hand zu waschen. Unser Feinwaschmittel duftet nach Rose und Moschus.  <\/div>\n<\/form>\n<\/div>\n<div class=\"section-header\">\n<div class=\"section open\">\n<div class=\"section-header\">\n<div class=\"section-header\">\n<h5>Wie es funktioniert<\/h5>\n<p>Beim Waschen von Wolle, Seide oder anderen empfindlichen Materialien ben\u00f6tigen Sie ein besonders sanftes Waschmittel, dessen Wirkstoffe Tenside und keine Enzyme sind. Enzyme sind speziell daf\u00fcr entwickelt, Schmutz, der aus Proteinen besteht (organische Flecken, Lebensmittel, Schwei\u00df, Make-up usw.), abzubauen und aufzul\u00f6sen. <\/p>\n<p>Wolle und Seide sind Naturmaterialien und bestehen ausschlie\u00dflich aus Proteinen. Wenn Sie also mit Enzymen waschen, zerst\u00f6ren Sie bereits nach wenigen W\u00e4schen die Struktur des Kleidungsst\u00fccks. <\/p>\n<\/div>\n<div class=\"section-content body_2\"><\/div>\n<\/div>\n<\/div>\n<\/div>\n","protected":false},"excerpt":{"rendered":"<p>Wir pr\u00e4sentieren die einfachste Art, Ihre Kleidung unterwegs zu waschen. Nehmen Sie diese 20-ml-Waschmittelbeutel in Ihrer Reisetasche mit, um sie einfach im n\u00e4chsten Waschbecken von Hand zu waschen. Unser Feinwaschmittel duftet nach Rose und Moschus. Wie es funktioniert Beim Waschen von Wolle, Seide oder anderen empfindlichen Materialien ben\u00f6tigen Sie ein besonders sanftes Waschmittel, dessen Wirkstoffe [&hellip;]<\/p>\n","protected":false},"featured_media":3745155297133,"template":"","meta":{"_acf_changed":false,"_joinchat":[]},"product_brand":[755],"product_cat":[856],"product_tag":[857],"class_list":{"0":"post-3745155297990","1":"product","2":"type-product","3":"status-publish","4":"has-post-thumbnail","6":"product_brand-steamery","7":"product_cat-pflege","8":"product_tag-pflege","10":"first","11":"instock","12":"taxable","13":"shipping-taxable","14":"purchasable","15":"product-type-simple"},"acf":[],"_links":{"self":[{"href":"https:\/\/www.warm-me.com\/de\/wp-json\/wp\/v2\/product\/3745155297990","targetHints":{"allow":["GET"]}}],"collection":[{"href":"https:\/\/www.warm-me.com\/de\/wp-json\/wp\/v2\/product"}],"about":[{"href":"https:\/\/www.warm-me.com\/de\/wp-json\/wp\/v2\/types\/product"}],"wp:featuredmedia":[{"embeddable":true,"href":"https:\/\/www.warm-me.com\/de\/wp-json\/wp\/v2\/media\/3745155297133"}],"wp:attachment":[{"href":"https:\/\/www.warm-me.com\/de\/wp-json\/wp\/v2\/media?parent=3745155297990"}],"wp:term":[{"taxonomy":"product_brand","embeddable":true,"href":"https:\/\/www.warm-me.com\/de\/wp-json\/wp\/v2\/product_brand?post=3745155297990"},{"taxonomy":"product_cat","embeddable":true,"href":"https:\/\/www.warm-me.com\/de\/wp-json\/wp\/v2\/product_cat?post=3745155297990"},{"taxonomy":"product_tag","embeddable":true,"href":"https:\/\/www.warm-me.com\/de\/wp-json\/wp\/v2\/product_tag?post=3745155297990"}],"curies":[{"name":"wp","href":"https:\/\/api.w.org\/{rel}","templated":true}]}}