{"id":3745155297992,"date":"2025-10-22T15:58:08","date_gmt":"2025-10-22T13:58:08","guid":{"rendered":"https:\/\/www.warm-me.com\/product\/feinwaschmittel\/"},"modified":"2026-04-22T15:07:06","modified_gmt":"2026-04-22T13:07:06","slug":"feinwaschmittel","status":"publish","type":"product","link":"https:\/\/www.warm-me.com\/de\/produkt\/feinwaschmittel\/","title":{"rendered":"Feinwaschmittel \u2013 Wolle &amp; Seide 750 ml"},"content":{"rendered":"<div class=\"current-product-purchase-form-wrapper\">\n<form class=\"product\" action=\"https:\/\/steamerystockholm.com\/delicate-laundry-detergent\" method=\"GET\" data-guid=\"956fc9f5-7e4a-41c5-9a41-31dd79c62a8f\" data-product_id=\"764\" data-product_name=\"Delicate Laundry Detergent\" data-price=\"19.00\" data-price_original=\"19.00\" data-product_category=\"Delicate Laundry Detergent\" data-product_brand=\"Steamery\" data-url_image=\"https:\/\/steamerystockholm.com\/site\/assets\/product_img\/477\/delicate_detergent_grid_02.jpg\" data-url_product=\"https:\/\/steamerystockholm.com\/delicate-laundry-detergent\" data-site_metadata=\"{\">\n<div class=\"current-product-add-to-cart-button\">Dieses hochwirksame Feinwaschmittel wurde speziell f\u00fcr empfindliche Textilien wie Wolle und Seide entwickelt. Es ist enzymfrei und enth\u00e4lt Lanolin\u00f6l, das die Fasern pflegt und sch\u00fctzt, sie weicher macht und ihnen diesen ganz besonderen, zus\u00e4tzlichen Glanz verleiht.<\/div>\n<\/form>\n<\/div>\n<div class=\"section-header\">\n<div class=\"section open\">\n<div class=\"section-header\">\n<div class=\"section-header\">\n<h5>Wie es funktioniert<\/h5>\n<\/div>\n<div class=\"section-content body_2\">Wenn Sie empfindliche Textilien waschen, ben\u00f6tigen Sie ein besonders sanftes Waschmittel. Da Wolle und Seide aus nat\u00fcrlichen Materialien bestehen, die nichts anderes als Proteine enthalten, ist dieses Waschmittel frei von Protease, einem Enzym, das Flecken auf Proteinbasis aufl\u00f6st und abbaut. Das Feinwaschmittel enth\u00e4lt nat\u00fcrliche Inhaltsstoffe und bek\u00e4mpft Schmutz, Flecken und Bakterien bereits bei 20 \u00b0C. Das Waschen bei niedrigeren Temperaturen verl\u00e4ngert die Lebensdauer Ihrer Kleidung und spart Wasser und Energie.<\/div>\n<\/div>\n<\/div>\n<\/div>\n","protected":false},"excerpt":{"rendered":"<p>Dieses hochwirksame Feinwaschmittel wurde speziell f\u00fcr empfindliche Textilien wie Wolle und Seide entwickelt. Es ist enzymfrei und enth\u00e4lt Lanolin\u00f6l, das die Fasern pflegt und sch\u00fctzt, sie weicher macht und ihnen diesen ganz besonderen, zus\u00e4tzlichen Glanz verleiht. Wie es funktioniert Wenn Sie empfindliche Textilien waschen, ben\u00f6tigen Sie ein besonders sanftes Waschmittel. Da Wolle und Seide aus [&hellip;]<\/p>\n","protected":false},"featured_media":3745155300854,"template":"","meta":{"_acf_changed":false,"_joinchat":[]},"product_brand":[],"product_cat":[856],"product_tag":[857],"class_list":{"0":"post-3745155297992","1":"product","2":"type-product","3":"status-publish","4":"has-post-thumbnail","6":"product_cat-pflege","7":"product_tag-pflege","9":"first","10":"instock","11":"taxable","12":"shipping-taxable","13":"purchasable","14":"product-type-simple"},"acf":[],"_links":{"self":[{"href":"https:\/\/www.warm-me.com\/de\/wp-json\/wp\/v2\/product\/3745155297992","targetHints":{"allow":["GET"]}}],"collection":[{"href":"https:\/\/www.warm-me.com\/de\/wp-json\/wp\/v2\/product"}],"about":[{"href":"https:\/\/www.warm-me.com\/de\/wp-json\/wp\/v2\/types\/product"}],"wp:featuredmedia":[{"embeddable":true,"href":"https:\/\/www.warm-me.com\/de\/wp-json\/wp\/v2\/media\/3745155300854"}],"wp:attachment":[{"href":"https:\/\/www.warm-me.com\/de\/wp-json\/wp\/v2\/media?parent=3745155297992"}],"wp:term":[{"taxonomy":"product_brand","embeddable":true,"href":"https:\/\/www.warm-me.com\/de\/wp-json\/wp\/v2\/product_brand?post=3745155297992"},{"taxonomy":"product_cat","embeddable":true,"href":"https:\/\/www.warm-me.com\/de\/wp-json\/wp\/v2\/product_cat?post=3745155297992"},{"taxonomy":"product_tag","embeddable":true,"href":"https:\/\/www.warm-me.com\/de\/wp-json\/wp\/v2\/product_tag?post=3745155297992"}],"curies":[{"name":"wp","href":"https:\/\/api.w.org\/{rel}","templated":true}]}}