{"id":3745155297994,"date":"2025-10-22T15:32:26","date_gmt":"2025-10-22T13:32:26","guid":{"rendered":"https:\/\/www.warm-me.com\/product\/waeschesack-set-weiss\/"},"modified":"2025-10-22T15:32:26","modified_gmt":"2025-10-22T13:32:26","slug":"waeschesack-set-weiss","status":"publish","type":"product","link":"https:\/\/www.warm-me.com\/de\/produkt\/waeschesack-set-weiss\/","title":{"rendered":"W\u00e4schesack-Set wei\u00df"},"content":{"rendered":"<p>Ein Set aus zwei W\u00e4sches\u00e4cken aus recyceltem Polyester, entwickelt, um Ihre W\u00e4sche in der Waschmaschine getrennt zu halten und so das Risiko einer Besch\u00e4digung Ihrer Kleidung zu reduzieren.<\/p>\n<div class=\"section-header\">\n<h5>Eigenschaften<\/h5>\n<\/div>\n<div class=\"section-content body_2\">\n<ul>\n<li>Dickes und strapazierf\u00e4higes 3D-Mesh<\/li>\n<li>Aufh\u00e4ngeschlaufe zur einfachen Aufbewahrung<\/li>\n<li>Ideal f\u00fcr die W\u00e4sche empfindlicher Kleidungsst\u00fccke<\/li>\n<li>Verhindert H\u00e4ngenbleiben, Verheddern und Reibung<\/li>\n<\/ul>\n<div class=\"section-header\">\n<h5>Lieferumfang<\/h5>\n<\/div>\n<div class=\"section-content body_2\">\n<ul>\n<li>Gro\u00dfer Beutel: 42 x 54 cm<\/li>\n<li>Kleiner Beutel: 24 x 32 cm<\/li>\n<\/ul>\n<\/div>\n<p>&nbsp;<\/p>\n<p>&nbsp;<\/p>\n<\/div>\n","protected":false},"excerpt":{"rendered":"<p>Ein Set aus zwei W\u00e4sches\u00e4cken aus recyceltem Polyester, entwickelt, um Ihre W\u00e4sche in der Waschmaschine getrennt zu halten und so das Risiko einer Besch\u00e4digung Ihrer Kleidung zu reduzieren. Eigenschaften Dickes und strapazierf\u00e4higes 3D-Mesh Aufh\u00e4ngeschlaufe zur einfachen Aufbewahrung Ideal f\u00fcr die W\u00e4sche empfindlicher Kleidungsst\u00fccke Verhindert H\u00e4ngenbleiben, Verheddern und Reibung Lieferumfang Gro\u00dfer Beutel: 42 x 54 cm [&hellip;]<\/p>\n","protected":false},"featured_media":3745155297118,"template":"","meta":{"_acf_changed":false,"_joinchat":[]},"product_brand":[755],"product_cat":[856],"product_tag":[857],"class_list":{"0":"post-3745155297994","1":"product","2":"type-product","3":"status-publish","4":"has-post-thumbnail","6":"product_brand-steamery","7":"product_cat-pflege","8":"product_tag-pflege","10":"first","11":"instock","12":"taxable","13":"shipping-taxable","14":"purchasable","15":"product-type-simple"},"acf":[],"_links":{"self":[{"href":"https:\/\/www.warm-me.com\/de\/wp-json\/wp\/v2\/product\/3745155297994","targetHints":{"allow":["GET"]}}],"collection":[{"href":"https:\/\/www.warm-me.com\/de\/wp-json\/wp\/v2\/product"}],"about":[{"href":"https:\/\/www.warm-me.com\/de\/wp-json\/wp\/v2\/types\/product"}],"wp:featuredmedia":[{"embeddable":true,"href":"https:\/\/www.warm-me.com\/de\/wp-json\/wp\/v2\/media\/3745155297118"}],"wp:attachment":[{"href":"https:\/\/www.warm-me.com\/de\/wp-json\/wp\/v2\/media?parent=3745155297994"}],"wp:term":[{"taxonomy":"product_brand","embeddable":true,"href":"https:\/\/www.warm-me.com\/de\/wp-json\/wp\/v2\/product_brand?post=3745155297994"},{"taxonomy":"product_cat","embeddable":true,"href":"https:\/\/www.warm-me.com\/de\/wp-json\/wp\/v2\/product_cat?post=3745155297994"},{"taxonomy":"product_tag","embeddable":true,"href":"https:\/\/www.warm-me.com\/de\/wp-json\/wp\/v2\/product_tag?post=3745155297994"}],"curies":[{"name":"wp","href":"https:\/\/api.w.org\/{rel}","templated":true}]}}