{"id":3745155297996,"date":"2025-10-22T14:44:29","date_gmt":"2025-10-22T12:44:29","guid":{"rendered":"https:\/\/www.warm-me.com\/product\/cirrus-lite-travel-steamer-sand\/"},"modified":"2026-04-22T15:16:42","modified_gmt":"2026-04-22T13:16:42","slug":"cirrus-lite-travel-steamer-sand","status":"publish","type":"product","link":"https:\/\/www.warm-me.com\/de\/produkt\/cirrus-lite-travel-steamer-sand\/","title":{"rendered":"Cirrus Lite Travel Steamer &#8211; Dampfgl\u00e4tter Sand"},"content":{"rendered":"<div class=\"current-product-purchase-form-wrapper\">\n<form class=\"product\" action=\"https:\/\/steamerystockholm.com\/cirrus-lite-travel-steamer-sand\" method=\"GET\" data-guid=\"7cfd60c7-866d-4903-94e7-24cb9a341317\" data-product_id=\"753\" data-product_name=\"Cirrus Lite Travel Steamer \u2013 Sand\" data-price=\"90.00\" data-price_original=\"90.00\" data-product_category=\"Cirrus Lite\" data-product_brand=\"Steamery\" data-url_image=\"https:\/\/steamerystockholm.com\/site\/assets\/product_img\/753\/cirrus_lite_sand_grid_01.jpg\" data-url_product=\"https:\/\/steamerystockholm.com\/cirrus-lite-travel-steamer-sand\" data-site_metadata=\"{\">\n<div class=\"current-product-add-to-cart-button\">\n<p>Der Cirrus Lite Travel Steamer ist Ihr perfekter Reisebegleiter. Kompakt, tragbar, leicht und f\u00fcr Vielseitigkeit konzipiert. Stecken Sie ihn m\u00fchelos in Ihre Tasche und gl\u00e4tten Sie Falten \u2013 wo immer Sie auch unterwegs sind.<\/p>\n<div class=\"section-header\">\n<h5>Funktionen<\/h5>\n<\/div>\n<div class=\"section-content body_2\">\n<ul>\n<li>Gl\u00e4ttet Ihre Kleidung sofort<\/li>\n<li>Erfrischt und eliminiert 99,9 % der Bakterien<\/li>\n<li>Hochwertiger Dry Steam ohne Wasserflecken<\/li>\n<li>2-in-1-Steamer mit beheizter Frontplatte<\/li>\n<li>Tragbar und kompakt, nur 480 g<\/li>\n<li>Drehbarer Kopf f\u00fcr vielseitige Anwendung<\/li>\n<li>2 Steam-Einstellungen: Steam auf Abruf &amp; kontinuierlicher Steam<\/li>\n<li>Innovative Entkalkungsfunktion<\/li>\n<li>Schnelles Aufheizen zwischen den Anwendungen<\/li>\n<li>Heat Protection Tool inklusive<\/li>\n<li>Einsatzbereit in 18 Sekunden<\/li>\n<\/ul>\n<\/div>\n<div class=\"section open\">\n<div class=\"section-content body_2\">\n<div class=\"section open\">\n<div class=\"section-content body_2\"><\/div>\n<\/div>\n<\/div>\n<\/div>\n<\/div>\n<\/form>\n<\/div>\n","protected":false},"excerpt":{"rendered":"<p>Der Cirrus Lite Travel Steamer ist Ihr perfekter Reisebegleiter. Kompakt, tragbar, leicht und f\u00fcr Vielseitigkeit konzipiert. Stecken Sie ihn m\u00fchelos in Ihre Tasche und gl\u00e4tten Sie Falten \u2013 wo immer Sie auch unterwegs sind. Funktionen Gl\u00e4ttet Ihre Kleidung sofort Erfrischt und eliminiert 99,9 % der Bakterien Hochwertiger Dry Steam ohne Wasserflecken 2-in-1-Steamer mit beheizter Frontplatte [&hellip;]<\/p>\n","protected":false},"featured_media":3745155298902,"template":"","meta":{"_acf_changed":false,"_joinchat":[]},"product_brand":[],"product_cat":[856],"product_tag":[857,894],"class_list":{"0":"post-3745155297996","1":"product","2":"type-product","3":"status-publish","4":"has-post-thumbnail","6":"product_cat-pflege","7":"product_tag-pflege","8":"product_tag-dampfgerat","10":"first","11":"instock","12":"taxable","13":"shipping-taxable","14":"purchasable","15":"product-type-simple"},"acf":[],"_links":{"self":[{"href":"https:\/\/www.warm-me.com\/de\/wp-json\/wp\/v2\/product\/3745155297996","targetHints":{"allow":["GET"]}}],"collection":[{"href":"https:\/\/www.warm-me.com\/de\/wp-json\/wp\/v2\/product"}],"about":[{"href":"https:\/\/www.warm-me.com\/de\/wp-json\/wp\/v2\/types\/product"}],"wp:featuredmedia":[{"embeddable":true,"href":"https:\/\/www.warm-me.com\/de\/wp-json\/wp\/v2\/media\/3745155298902"}],"wp:attachment":[{"href":"https:\/\/www.warm-me.com\/de\/wp-json\/wp\/v2\/media?parent=3745155297996"}],"wp:term":[{"taxonomy":"product_brand","embeddable":true,"href":"https:\/\/www.warm-me.com\/de\/wp-json\/wp\/v2\/product_brand?post=3745155297996"},{"taxonomy":"product_cat","embeddable":true,"href":"https:\/\/www.warm-me.com\/de\/wp-json\/wp\/v2\/product_cat?post=3745155297996"},{"taxonomy":"product_tag","embeddable":true,"href":"https:\/\/www.warm-me.com\/de\/wp-json\/wp\/v2\/product_tag?post=3745155297996"}],"curies":[{"name":"wp","href":"https:\/\/api.w.org\/{rel}","templated":true}]}}