{"id":3745155298012,"date":"2025-07-29T16:44:33","date_gmt":"2025-07-29T14:44:33","guid":{"rendered":"https:\/\/www.warm-me.com\/product\/pullover-mala\/"},"modified":"2026-03-26T10:31:09","modified_gmt":"2026-03-26T09:31:09","slug":"pullover-mala","status":"publish","type":"product","link":"https:\/\/www.warm-me.com\/de\/produkt\/pullover-mala\/","title":{"rendered":"Pullover Mala"},"content":{"rendered":"<p>Der Mala Sweater verleiht jedem Look eine l\u00e4ssige, moderne Note. Mit leicht oversized Passform, Cropped-L\u00e4nge und hohem Kragen sorgt er f\u00fcr stilvolle Silhouetten und maximalen Tragekomfort. Der mittlere Strick ist besonders weich und angenehm auf der Haut \u2013 ein echtes Icon-Piece f\u00fcr zeitlosen Luxus.<\/p>\n<p>Details:<\/p>\n<ul>\n<li>100 % mongolisches Kaschmir<\/li>\n<li>Handgefertigt in Nepal<\/li>\n<li>Key Piece<\/li>\n<li>Mittelfeines Strickmuster (4-ply)<\/li>\n<li>Hoher Kragen<\/li>\n<li>Leicht oversized &amp; cropped fit<\/li>\n<\/ul>\n","protected":false},"excerpt":{"rendered":"<p>Der Mala Sweater verleiht jedem Look eine l\u00e4ssige, moderne Note. Mit leicht oversized Passform, Cropped-L\u00e4nge und hohem Kragen sorgt er f\u00fcr stilvolle Silhouetten und maximalen Tragekomfort. Der mittlere Strick ist besonders weich und angenehm auf der Haut \u2013 ein echtes Icon-Piece f\u00fcr zeitlosen Luxus. Details: 100 % mongolisches Kaschmir Handgefertigt in Nepal Key Piece Mittelfeines [&hellip;]<\/p>\n","protected":false},"featured_media":3745155297953,"template":"","meta":{"_acf_changed":false,"_joinchat":[]},"product_brand":[],"product_cat":[852,867],"product_tag":[892,787,796,800],"class_list":{"0":"post-3745155298012","1":"product","2":"type-product","3":"status-publish","4":"has-post-thumbnail","6":"product_cat-bekleidung","7":"product_cat-kaschmirpullover","8":"product_tag-pullover","9":"product_tag-kaschmir","10":"product_tag-neu","11":"product_tag-weiblich","13":"first","14":"instock","15":"taxable","16":"shipping-taxable","17":"purchasable","18":"product-type-variable","19":"has-default-attributes"},"acf":[],"_links":{"self":[{"href":"https:\/\/www.warm-me.com\/de\/wp-json\/wp\/v2\/product\/3745155298012","targetHints":{"allow":["GET"]}}],"collection":[{"href":"https:\/\/www.warm-me.com\/de\/wp-json\/wp\/v2\/product"}],"about":[{"href":"https:\/\/www.warm-me.com\/de\/wp-json\/wp\/v2\/types\/product"}],"wp:featuredmedia":[{"embeddable":true,"href":"https:\/\/www.warm-me.com\/de\/wp-json\/wp\/v2\/media\/3745155297953"}],"wp:attachment":[{"href":"https:\/\/www.warm-me.com\/de\/wp-json\/wp\/v2\/media?parent=3745155298012"}],"wp:term":[{"taxonomy":"product_brand","embeddable":true,"href":"https:\/\/www.warm-me.com\/de\/wp-json\/wp\/v2\/product_brand?post=3745155298012"},{"taxonomy":"product_cat","embeddable":true,"href":"https:\/\/www.warm-me.com\/de\/wp-json\/wp\/v2\/product_cat?post=3745155298012"},{"taxonomy":"product_tag","embeddable":true,"href":"https:\/\/www.warm-me.com\/de\/wp-json\/wp\/v2\/product_tag?post=3745155298012"}],"curies":[{"name":"wp","href":"https:\/\/api.w.org\/{rel}","templated":true}]}}