{"id":3745155298066,"date":"2024-10-17T15:25:24","date_gmt":"2024-10-17T13:25:24","guid":{"rendered":"https:\/\/www.warm-me.com\/product\/muetze-heidi-twisted\/"},"modified":"2025-11-24T10:16:13","modified_gmt":"2025-11-24T09:16:13","slug":"muetze-heidi-twisted","status":"publish","type":"product","link":"https:\/\/www.warm-me.com\/de\/produkt\/muetze-heidi-twisted\/","title":{"rendered":"M\u00fctze Heidi Twisted"},"content":{"rendered":"<p>Details:<\/p>\n<ul>\n<li>100 % Kaschmir<\/li>\n<li>Handgefertigt in Nepal<\/li>\n<li>mittlere W\u00e4rme<\/li>\n<li>Grobstick im besonderen Fischgr\u00e4tmuster<\/li>\n<li>Zweifarbig gestrickt<\/li>\n<li>12-f\u00e4dig<\/li>\n<\/ul>\n","protected":false},"excerpt":{"rendered":"<p>Details: 100 % Kaschmir Handgefertigt in Nepal mittlere W\u00e4rme Grobstick im besonderen Fischgr\u00e4tmuster Zweifarbig gestrickt 12-f\u00e4dig<\/p>\n","protected":false},"featured_media":3745155298074,"template":"","meta":{"_acf_changed":false,"_joinchat":[]},"product_brand":[],"product_cat":[759],"product_tag":[787,796],"class_list":{"0":"post-3745155298066","1":"product","2":"type-product","3":"status-publish","4":"has-post-thumbnail","6":"product_cat-kaschmirmuetzen","7":"product_tag-kaschmir","8":"product_tag-neu","10":"first","11":"outofstock","12":"taxable","13":"shipping-taxable","14":"product-type-variable","15":"has-default-attributes"},"acf":[],"_links":{"self":[{"href":"https:\/\/www.warm-me.com\/de\/wp-json\/wp\/v2\/product\/3745155298066","targetHints":{"allow":["GET"]}}],"collection":[{"href":"https:\/\/www.warm-me.com\/de\/wp-json\/wp\/v2\/product"}],"about":[{"href":"https:\/\/www.warm-me.com\/de\/wp-json\/wp\/v2\/types\/product"}],"wp:featuredmedia":[{"embeddable":true,"href":"https:\/\/www.warm-me.com\/de\/wp-json\/wp\/v2\/media\/3745155298074"}],"wp:attachment":[{"href":"https:\/\/www.warm-me.com\/de\/wp-json\/wp\/v2\/media?parent=3745155298066"}],"wp:term":[{"taxonomy":"product_brand","embeddable":true,"href":"https:\/\/www.warm-me.com\/de\/wp-json\/wp\/v2\/product_brand?post=3745155298066"},{"taxonomy":"product_cat","embeddable":true,"href":"https:\/\/www.warm-me.com\/de\/wp-json\/wp\/v2\/product_cat?post=3745155298066"},{"taxonomy":"product_tag","embeddable":true,"href":"https:\/\/www.warm-me.com\/de\/wp-json\/wp\/v2\/product_tag?post=3745155298066"}],"curies":[{"name":"wp","href":"https:\/\/api.w.org\/{rel}","templated":true}]}}