{"id":3745155298081,"date":"2024-11-07T16:22:26","date_gmt":"2024-11-07T15:22:26","guid":{"rendered":"https:\/\/www.warm-me.com\/product\/roskilde\/"},"modified":"2025-12-22T12:26:34","modified_gmt":"2025-12-22T11:26:34","slug":"roskilde","status":"publish","type":"product","link":"https:\/\/www.warm-me.com\/de\/produkt\/roskilde\/","title":{"rendered":"Roskilde"},"content":{"rendered":"<p>Details:<\/p>\n<ul>\n<li>100 % Kaschmir<\/li>\n<li>Handgefertigt in Nepal<\/li>\n<li>M\u00fctze mit kurzem Schal<\/li>\n<li>Hohe W\u00e4rme<\/li>\n<li>Grober Rippstrick<\/li>\n<li>5-f\u00e4dig<\/li>\n<\/ul>\n","protected":false},"excerpt":{"rendered":"<p>Details: 100 % Kaschmir Handgefertigt in Nepal M\u00fctze mit kurzem Schal Hohe W\u00e4rme Grober Rippstrick 5-f\u00e4dig<\/p>\n","protected":false},"featured_media":3745155299334,"template":"","meta":{"_acf_changed":false,"_joinchat":[]},"product_brand":[],"product_cat":[759],"product_tag":[787,796],"class_list":{"0":"post-3745155298081","1":"product","2":"type-product","3":"status-publish","4":"has-post-thumbnail","6":"product_cat-kaschmirmuetzen","7":"product_tag-kaschmir","8":"product_tag-neu","10":"first","11":"outofstock","12":"taxable","13":"shipping-taxable","14":"purchasable","15":"product-type-variable","16":"has-default-attributes"},"acf":[],"_links":{"self":[{"href":"https:\/\/www.warm-me.com\/de\/wp-json\/wp\/v2\/product\/3745155298081","targetHints":{"allow":["GET"]}}],"collection":[{"href":"https:\/\/www.warm-me.com\/de\/wp-json\/wp\/v2\/product"}],"about":[{"href":"https:\/\/www.warm-me.com\/de\/wp-json\/wp\/v2\/types\/product"}],"wp:featuredmedia":[{"embeddable":true,"href":"https:\/\/www.warm-me.com\/de\/wp-json\/wp\/v2\/media\/3745155299334"}],"wp:attachment":[{"href":"https:\/\/www.warm-me.com\/de\/wp-json\/wp\/v2\/media?parent=3745155298081"}],"wp:term":[{"taxonomy":"product_brand","embeddable":true,"href":"https:\/\/www.warm-me.com\/de\/wp-json\/wp\/v2\/product_brand?post=3745155298081"},{"taxonomy":"product_cat","embeddable":true,"href":"https:\/\/www.warm-me.com\/de\/wp-json\/wp\/v2\/product_cat?post=3745155298081"},{"taxonomy":"product_tag","embeddable":true,"href":"https:\/\/www.warm-me.com\/de\/wp-json\/wp\/v2\/product_tag?post=3745155298081"}],"curies":[{"name":"wp","href":"https:\/\/api.w.org\/{rel}","templated":true}]}}