{"id":3745155298307,"date":"2021-08-01T10:00:21","date_gmt":"2021-08-01T08:00:21","guid":{"rendered":"https:\/\/www.warm-me.com\/product\/muetze-olivia\/"},"modified":"2025-12-17T10:11:24","modified_gmt":"2025-12-17T09:11:24","slug":"muetze-olivia","status":"publish","type":"product","link":"https:\/\/www.warm-me.com\/de\/produkt\/muetze-olivia\/","title":{"rendered":"M\u00fctze Olivia"},"content":{"rendered":"<p>Trotzen Sie der K\u00e4lte mit dieser superkuscheligen M\u00fctze in modischen Farben, wo immer Sie sich an kalten Wintertagen aufhalten.<\/p>\n<p>Details:<\/p>\n<ul>\n<li>100 % Kaschmir<\/li>\n<li>Handgefertigt in Nepal<\/li>\n<li>Hohe W\u00e4rme<\/li>\n<li>besonderes grobes Rippstrick-Design<\/li>\n<li>Doppellagig<\/li>\n<li>5-f\u00e4dig<\/li>\n<\/ul>\n","protected":false},"excerpt":{"rendered":"<p>Trotzen Sie der K\u00e4lte mit dieser superkuscheligen M\u00fctze in modischen Farben, wo immer Sie sich an kalten Wintertagen aufhalten. Details: 100 % Kaschmir Handgefertigt in Nepal Hohe W\u00e4rme besonderes grobes Rippstrick-Design Doppellagig 5-f\u00e4dig<\/p>\n","protected":false},"featured_media":3745155299581,"template":"","meta":{"_acf_changed":false,"_joinchat":[]},"product_brand":[],"product_cat":[759],"product_tag":[787,800],"class_list":{"0":"post-3745155298307","1":"product","2":"type-product","3":"status-publish","4":"has-post-thumbnail","6":"product_cat-kaschmirmuetzen","7":"product_tag-kaschmir","8":"product_tag-weiblich","10":"first","11":"outofstock","12":"taxable","13":"shipping-taxable","14":"purchasable","15":"product-type-variable","16":"has-default-attributes"},"acf":[],"_links":{"self":[{"href":"https:\/\/www.warm-me.com\/de\/wp-json\/wp\/v2\/product\/3745155298307","targetHints":{"allow":["GET"]}}],"collection":[{"href":"https:\/\/www.warm-me.com\/de\/wp-json\/wp\/v2\/product"}],"about":[{"href":"https:\/\/www.warm-me.com\/de\/wp-json\/wp\/v2\/types\/product"}],"wp:featuredmedia":[{"embeddable":true,"href":"https:\/\/www.warm-me.com\/de\/wp-json\/wp\/v2\/media\/3745155299581"}],"wp:attachment":[{"href":"https:\/\/www.warm-me.com\/de\/wp-json\/wp\/v2\/media?parent=3745155298307"}],"wp:term":[{"taxonomy":"product_brand","embeddable":true,"href":"https:\/\/www.warm-me.com\/de\/wp-json\/wp\/v2\/product_brand?post=3745155298307"},{"taxonomy":"product_cat","embeddable":true,"href":"https:\/\/www.warm-me.com\/de\/wp-json\/wp\/v2\/product_cat?post=3745155298307"},{"taxonomy":"product_tag","embeddable":true,"href":"https:\/\/www.warm-me.com\/de\/wp-json\/wp\/v2\/product_tag?post=3745155298307"}],"curies":[{"name":"wp","href":"https:\/\/api.w.org\/{rel}","templated":true}]}}