{"id":3745155298319,"date":"2024-11-28T14:38:29","date_gmt":"2024-11-28T13:38:29","guid":{"rendered":"https:\/\/www.warm-me.com\/product\/kristallelemente\/"},"modified":"2025-12-30T13:22:38","modified_gmt":"2025-12-30T12:22:38","slug":"kristallelemente","status":"publish","type":"product","link":"https:\/\/www.warm-me.com\/de\/produkt\/kristallelemente\/","title":{"rendered":"Kristallelemente"},"content":{"rendered":"<p data-start=\"236\" data-end=\"547\"><strong data-start=\"236\" data-end=\"354\">Verleihen Sie Ihrer Kaschmirm\u00fctze eine pers\u00f6nliche Note \u2013 verzieren Sie sie mit edlen Kristallen f\u00fcr einen Hauch von Glanz und Individualit\u00e4t.<\/strong><\/p>\n<p data-start=\"236\" data-end=\"547\">W\u00e4hlen Sie einfach Ihre Lieblings-Kaschmirm\u00fctze aus unserer Kollektion und w\u00e4hlen Sie Ihr gew\u00fcnschtes Kristallmotiv aus \u2013 es wird sorgf\u00e4ltig von Hand auf Ihre M\u00fctze gepresst, um ein einzigartiges, personalisiertes St\u00fcck zu schaffen.<\/p>\n<p>&nbsp;<\/p>\n","protected":false},"excerpt":{"rendered":"<p>Verleihen Sie Ihrer Kaschmirm\u00fctze eine pers\u00f6nliche Note \u2013 verzieren Sie sie mit edlen Kristallen f\u00fcr einen Hauch von Glanz und Individualit\u00e4t. W\u00e4hlen Sie einfach Ihre Lieblings-Kaschmirm\u00fctze aus unserer Kollektion und w\u00e4hlen Sie Ihr gew\u00fcnschtes Kristallmotiv aus \u2013 es wird sorgf\u00e4ltig von Hand auf Ihre M\u00fctze gepresst, um ein einzigartiges, personalisiertes St\u00fcck zu schaffen. &nbsp;<\/p>\n","protected":false},"featured_media":3745155298320,"template":"","meta":{"_acf_changed":false,"_joinchat":[]},"product_brand":[],"product_cat":[759],"product_tag":[787,800,835,915],"class_list":{"0":"post-3745155298319","1":"product","2":"type-product","3":"status-publish","4":"has-post-thumbnail","6":"product_cat-kaschmirmuetzen","7":"product_tag-kaschmir","8":"product_tag-weiblich","9":"product_tag-kristalle","10":"product_tag-ne","11":"pa_crystal-heart_black_cf","12":"pa_crystal-smileyface_cr_2stk","13":"pa_crystal-love_silver_cf","14":"pa_crystal-dream_silver_cf","15":"pa_crystal-lovecrthin_silver","16":"pa_crystal-love_silver_cr","17":"pa_crystal-loveblock_black_cf","18":"pa_crystal-loveblock_silver_cf","19":"pa_crystal-star_silver_cf","20":"pa_crystal-lovecrthin_black","21":"pa_crystal-heart_red","22":"pa_crystal-love_black_cf","23":"pa_crystal-streifen_schwarz_cf","24":"pa_crystal-apres_black_cr","25":"pa_crystal-streifen_silber_cf","26":"pa_crystal-dream_black_cf","27":"pa_crystal-streifen_rose_cf","29":"first","30":"instock","31":"taxable","32":"shipping-taxable","33":"purchasable","34":"product-type-variable"},"acf":[],"_links":{"self":[{"href":"https:\/\/www.warm-me.com\/de\/wp-json\/wp\/v2\/product\/3745155298319","targetHints":{"allow":["GET"]}}],"collection":[{"href":"https:\/\/www.warm-me.com\/de\/wp-json\/wp\/v2\/product"}],"about":[{"href":"https:\/\/www.warm-me.com\/de\/wp-json\/wp\/v2\/types\/product"}],"wp:featuredmedia":[{"embeddable":true,"href":"https:\/\/www.warm-me.com\/de\/wp-json\/wp\/v2\/media\/3745155298320"}],"wp:attachment":[{"href":"https:\/\/www.warm-me.com\/de\/wp-json\/wp\/v2\/media?parent=3745155298319"}],"wp:term":[{"taxonomy":"product_brand","embeddable":true,"href":"https:\/\/www.warm-me.com\/de\/wp-json\/wp\/v2\/product_brand?post=3745155298319"},{"taxonomy":"product_cat","embeddable":true,"href":"https:\/\/www.warm-me.com\/de\/wp-json\/wp\/v2\/product_cat?post=3745155298319"},{"taxonomy":"product_tag","embeddable":true,"href":"https:\/\/www.warm-me.com\/de\/wp-json\/wp\/v2\/product_tag?post=3745155298319"}],"curies":[{"name":"wp","href":"https:\/\/api.w.org\/{rel}","templated":true}]}}