{"id":3745155298334,"date":"2025-05-07T13:08:47","date_gmt":"2025-05-07T11:08:47","guid":{"rendered":"https:\/\/www.warm-me.com\/product\/wanda-rib-langarmshirt-bio-baumwolle\/"},"modified":"2025-11-02T23:14:50","modified_gmt":"2025-11-02T22:14:50","slug":"wanda-rib-langarmshirt-bio-baumwolle","status":"publish","type":"product","link":"https:\/\/www.warm-me.com\/de\/produkt\/wanda-rib-langarmshirt-bio-baumwolle\/","title":{"rendered":"Wanda Rib Langarmshirt &#8211; Bio-Baumwolle"},"content":{"rendered":"<p>Unser Wanda Rib Langarmshirt hat eine schmale Passform. Hergestellt aus einer superfeinen Bio-Baumwolle. Logo-Stickerei auf der R\u00fcckseite.<br \/>\nVIANA Warm Me ist so konzipiert, dass es das ganze Jahr \u00fcber getragen werden kann.  <\/p>\n<ul>\n<li>100 % Bio-Baumwolle<\/li>\n<li>schmale Passform<\/li>\n<li>kleines gesticktes WARM ME Logo am R\u00fccken<\/li>\n<li>f\u00e4llt gr\u00f6\u00dfengerecht aus<\/li>\n<\/ul>\n","protected":false},"excerpt":{"rendered":"<p>Unser Wanda Rib Langarmshirt hat eine schmale Passform. Hergestellt aus einer superfeinen Bio-Baumwolle. Logo-Stickerei auf der R\u00fcckseite. VIANA Warm Me ist so konzipiert, dass es das ganze Jahr \u00fcber getragen werden kann. 100 % Bio-Baumwolle schmale Passform kleines gesticktes WARM ME Logo am R\u00fccken f\u00e4llt gr\u00f6\u00dfengerecht aus<\/p>\n","protected":false},"featured_media":3745155298335,"template":"","meta":{"_acf_changed":false,"_joinchat":[]},"product_brand":[],"product_cat":[843,876],"product_tag":[845,846,879],"class_list":{"0":"post-3745155298334","1":"product","2":"type-product","3":"status-publish","4":"has-post-thumbnail","6":"product_cat-viana","7":"product_cat-viana-t-shirts","8":"product_tag-portugal","9":"product_tag-bio-baumwolle","10":"product_tag-entspannte-silhouette","12":"first","13":"outofstock","14":"taxable","15":"shipping-taxable","16":"purchasable","17":"product-type-variable","18":"has-default-attributes"},"acf":[],"_links":{"self":[{"href":"https:\/\/www.warm-me.com\/de\/wp-json\/wp\/v2\/product\/3745155298334","targetHints":{"allow":["GET"]}}],"collection":[{"href":"https:\/\/www.warm-me.com\/de\/wp-json\/wp\/v2\/product"}],"about":[{"href":"https:\/\/www.warm-me.com\/de\/wp-json\/wp\/v2\/types\/product"}],"wp:featuredmedia":[{"embeddable":true,"href":"https:\/\/www.warm-me.com\/de\/wp-json\/wp\/v2\/media\/3745155298335"}],"wp:attachment":[{"href":"https:\/\/www.warm-me.com\/de\/wp-json\/wp\/v2\/media?parent=3745155298334"}],"wp:term":[{"taxonomy":"product_brand","embeddable":true,"href":"https:\/\/www.warm-me.com\/de\/wp-json\/wp\/v2\/product_brand?post=3745155298334"},{"taxonomy":"product_cat","embeddable":true,"href":"https:\/\/www.warm-me.com\/de\/wp-json\/wp\/v2\/product_cat?post=3745155298334"},{"taxonomy":"product_tag","embeddable":true,"href":"https:\/\/www.warm-me.com\/de\/wp-json\/wp\/v2\/product_tag?post=3745155298334"}],"curies":[{"name":"wp","href":"https:\/\/api.w.org\/{rel}","templated":true}]}}