{"id":3745155298338,"date":"2025-05-07T11:44:47","date_gmt":"2025-05-07T09:44:47","guid":{"rendered":"https:\/\/www.warm-me.com\/product\/magda-t-shirt-bio-baumwolle\/"},"modified":"2026-03-25T11:03:37","modified_gmt":"2026-03-25T10:03:37","slug":"magda-t-shirt-bio-baumwolle","status":"publish","type":"product","link":"https:\/\/www.warm-me.com\/de\/produkt\/magda-t-shirt-bio-baumwolle\/","title":{"rendered":"Magda T-Shirt \u2013 Bio-Baumwolle"},"content":{"rendered":"<p>Unser Magda T-Shirt hat eine leicht oversized Passform. Hergestellt aus superfeiner Bio-Baumwolle. Logo-Stickerei auf der R\u00fcckseite.<br \/>\nVIANA Warm ME ist f\u00fcr das ganze Jahr konzipiert.<\/p>\n<ul>\n<li>100 % Bio-Baumwolle<\/li>\n<li>leicht oversized Passform, weiter Halsausschnitt<\/li>\n<li>kleines gesticktes WARM ME-Logo auf der R\u00fcckseite<\/li>\n<li>f\u00e4llt gr\u00f6\u00dfengetreu aus<\/li>\n<\/ul>\n","protected":false},"excerpt":{"rendered":"<p>Unser Magda T-Shirt hat eine leicht oversized Passform. Hergestellt aus superfeiner Bio-Baumwolle. Logo-Stickerei auf der R\u00fcckseite. VIANA Warm ME ist f\u00fcr das ganze Jahr konzipiert. 100 % Bio-Baumwolle leicht oversized Passform, weiter Halsausschnitt kleines gesticktes WARM ME-Logo auf der R\u00fcckseite f\u00e4llt gr\u00f6\u00dfengetreu aus<\/p>\n","protected":false},"featured_media":3745155298339,"template":"","meta":{"_acf_changed":false,"_joinchat":[]},"product_brand":[],"product_cat":[876,843,873],"product_tag":[879,845,846],"class_list":{"0":"post-3745155298338","1":"product","2":"type-product","3":"status-publish","4":"has-post-thumbnail","6":"product_cat-viana-t-shirts","7":"product_cat-viana","8":"product_cat-kaschmir-shirts","9":"product_tag-entspannte-silhouette","10":"product_tag-portugal","11":"product_tag-bio-baumwolle","13":"first","14":"instock","15":"taxable","16":"shipping-taxable","17":"purchasable","18":"product-type-variable","19":"has-default-attributes"},"acf":[],"_links":{"self":[{"href":"https:\/\/www.warm-me.com\/de\/wp-json\/wp\/v2\/product\/3745155298338","targetHints":{"allow":["GET"]}}],"collection":[{"href":"https:\/\/www.warm-me.com\/de\/wp-json\/wp\/v2\/product"}],"about":[{"href":"https:\/\/www.warm-me.com\/de\/wp-json\/wp\/v2\/types\/product"}],"wp:featuredmedia":[{"embeddable":true,"href":"https:\/\/www.warm-me.com\/de\/wp-json\/wp\/v2\/media\/3745155298339"}],"wp:attachment":[{"href":"https:\/\/www.warm-me.com\/de\/wp-json\/wp\/v2\/media?parent=3745155298338"}],"wp:term":[{"taxonomy":"product_brand","embeddable":true,"href":"https:\/\/www.warm-me.com\/de\/wp-json\/wp\/v2\/product_brand?post=3745155298338"},{"taxonomy":"product_cat","embeddable":true,"href":"https:\/\/www.warm-me.com\/de\/wp-json\/wp\/v2\/product_cat?post=3745155298338"},{"taxonomy":"product_tag","embeddable":true,"href":"https:\/\/www.warm-me.com\/de\/wp-json\/wp\/v2\/product_tag?post=3745155298338"}],"curies":[{"name":"wp","href":"https:\/\/api.w.org\/{rel}","templated":true}]}}