{"id":3745155298349,"date":"2025-05-07T11:32:41","date_gmt":"2025-05-07T09:32:41","guid":{"rendered":"https:\/\/www.warm-me.com\/product\/kaja-t-shirt-kaschmir-baumwollmischung\/"},"modified":"2026-04-20T11:39:38","modified_gmt":"2026-04-20T09:39:38","slug":"kaja-t-shirt-kaschmir-baumwollmischung","status":"publish","type":"product","link":"https:\/\/www.warm-me.com\/de\/produkt\/kaja-t-shirt-kaschmir-baumwollmischung\/","title":{"rendered":"Kaja T-Shirt \u2013 Kaschmir-Baumwoll-Mix"},"content":{"rendered":"<p>Unser Kaja T-Shirt hat eine entspannte Silhouette. Hergestellt aus einem superfeinen Kaschmir- und Bio-Baumwollmix. Logo-Stickerei auf der R\u00fcckseite. VIANA Warm ME ist ganzj\u00e4hrig tragbar.<\/p>\n<ul>\n<li>15 % Kaschmir und 85 % Bio-Baumwolle<\/li>\n<li>leicht lockere Passform<\/li>\n<li>kleines gesticktes WARM ME-Logo auf der R\u00fcckseite<\/li>\n<li>f\u00e4llt gr\u00f6\u00dfengetreu aus<\/li>\n<\/ul>\n","protected":false},"excerpt":{"rendered":"<p>Unser Kaja T-Shirt hat eine entspannte Silhouette. Hergestellt aus einem superfeinen Kaschmir- und Bio-Baumwollmix. Logo-Stickerei auf der R\u00fcckseite. VIANA Warm ME ist ganzj\u00e4hrig tragbar. 15 % Kaschmir und 85 % Bio-Baumwolle leicht lockere Passform kleines gesticktes WARM ME-Logo auf der R\u00fcckseite f\u00e4llt gr\u00f6\u00dfengetreu aus<\/p>\n","protected":false},"featured_media":3745155297909,"template":"","meta":{"_acf_changed":false,"_joinchat":[]},"product_brand":[],"product_cat":[843,873,876],"product_tag":[796,879,957,845,846,787],"class_list":{"0":"post-3745155298349","1":"product","2":"type-product","3":"status-publish","4":"has-post-thumbnail","6":"product_cat-viana","7":"product_cat-kaschmir-shirts","8":"product_cat-viana-t-shirts","9":"product_tag-neu","10":"product_tag-entspannte-silhouette","11":"product_tag-hemd","12":"product_tag-portugal","13":"product_tag-bio-baumwolle","14":"product_tag-kaschmir","16":"first","17":"instock","18":"taxable","19":"shipping-taxable","20":"purchasable","21":"product-type-variable","22":"has-default-attributes"},"acf":[],"_links":{"self":[{"href":"https:\/\/www.warm-me.com\/de\/wp-json\/wp\/v2\/product\/3745155298349","targetHints":{"allow":["GET"]}}],"collection":[{"href":"https:\/\/www.warm-me.com\/de\/wp-json\/wp\/v2\/product"}],"about":[{"href":"https:\/\/www.warm-me.com\/de\/wp-json\/wp\/v2\/types\/product"}],"wp:featuredmedia":[{"embeddable":true,"href":"https:\/\/www.warm-me.com\/de\/wp-json\/wp\/v2\/media\/3745155297909"}],"wp:attachment":[{"href":"https:\/\/www.warm-me.com\/de\/wp-json\/wp\/v2\/media?parent=3745155298349"}],"wp:term":[{"taxonomy":"product_brand","embeddable":true,"href":"https:\/\/www.warm-me.com\/de\/wp-json\/wp\/v2\/product_brand?post=3745155298349"},{"taxonomy":"product_cat","embeddable":true,"href":"https:\/\/www.warm-me.com\/de\/wp-json\/wp\/v2\/product_cat?post=3745155298349"},{"taxonomy":"product_tag","embeddable":true,"href":"https:\/\/www.warm-me.com\/de\/wp-json\/wp\/v2\/product_tag?post=3745155298349"}],"curies":[{"name":"wp","href":"https:\/\/api.w.org\/{rel}","templated":true}]}}