{"id":3745155298357,"date":"2025-07-09T14:48:24","date_gmt":"2025-07-09T12:48:24","guid":{"rendered":"https:\/\/www.warm-me.com\/product\/muetze-ari\/"},"modified":"2026-04-13T09:10:37","modified_gmt":"2026-04-13T07:10:37","slug":"muetze-ari","status":"publish","type":"product","link":"https:\/\/www.warm-me.com\/de\/produkt\/muetze-ari\/","title":{"rendered":"M\u00fctze Ari"},"content":{"rendered":"<p>\u201eUnser Schl\u00fcsselst\u00fcck, das die Saison definiert \u2013 weich, m\u00fchelos und unendlich tragbar. Ein modernes Essential, das jedem Look W\u00e4rme und Charakter verleiht. <\/p>\n<p>Details:<\/p>\n<ul>\n<li>100 % Kaschmir<\/li>\n<li>Handgefertigt in Nepal<\/li>\n<li>Hohe W\u00e4rme<\/li>\n<li>Grobstrick<\/li>\n<li>Mit Umschlag<\/li>\n<li>Schl\u00fcsselst\u00fcck<\/li>\n<li>24-f\u00e4dig<\/li>\n<\/ul>\n","protected":false},"excerpt":{"rendered":"<p>\u201eUnser Schl\u00fcsselst\u00fcck, das die Saison definiert \u2013 weich, m\u00fchelos und unendlich tragbar. Ein modernes Essential, das jedem Look W\u00e4rme und Charakter verleiht. Details: 100 % Kaschmir Handgefertigt in Nepal Hohe W\u00e4rme Grobstrick Mit Umschlag Schl\u00fcsselst\u00fcck 24-f\u00e4dig<\/p>\n","protected":false},"featured_media":3745155298359,"template":"","meta":{"_acf_changed":false,"_joinchat":[]},"product_brand":[],"product_cat":[759],"product_tag":[800,787],"class_list":{"0":"post-3745155298357","1":"product","2":"type-product","3":"status-publish","4":"has-post-thumbnail","6":"product_cat-kaschmirmuetzen","7":"product_tag-weiblich","8":"product_tag-kaschmir","10":"first","11":"instock","12":"taxable","13":"shipping-taxable","14":"purchasable","15":"product-type-variable","16":"has-default-attributes"},"acf":[],"_links":{"self":[{"href":"https:\/\/www.warm-me.com\/de\/wp-json\/wp\/v2\/product\/3745155298357","targetHints":{"allow":["GET"]}}],"collection":[{"href":"https:\/\/www.warm-me.com\/de\/wp-json\/wp\/v2\/product"}],"about":[{"href":"https:\/\/www.warm-me.com\/de\/wp-json\/wp\/v2\/types\/product"}],"wp:featuredmedia":[{"embeddable":true,"href":"https:\/\/www.warm-me.com\/de\/wp-json\/wp\/v2\/media\/3745155298359"}],"wp:attachment":[{"href":"https:\/\/www.warm-me.com\/de\/wp-json\/wp\/v2\/media?parent=3745155298357"}],"wp:term":[{"taxonomy":"product_brand","embeddable":true,"href":"https:\/\/www.warm-me.com\/de\/wp-json\/wp\/v2\/product_brand?post=3745155298357"},{"taxonomy":"product_cat","embeddable":true,"href":"https:\/\/www.warm-me.com\/de\/wp-json\/wp\/v2\/product_cat?post=3745155298357"},{"taxonomy":"product_tag","embeddable":true,"href":"https:\/\/www.warm-me.com\/de\/wp-json\/wp\/v2\/product_tag?post=3745155298357"}],"curies":[{"name":"wp","href":"https:\/\/api.w.org\/{rel}","templated":true}]}}