{"id":3745155298369,"date":"2025-05-07T14:17:38","date_gmt":"2025-05-07T12:17:38","guid":{"rendered":"https:\/\/www.warm-me.com\/product\/abbie-langarmshirt-kaschmir-baumwoll-mix\/"},"modified":"2026-03-25T10:51:50","modified_gmt":"2026-03-25T09:51:50","slug":"abbie-langarmshirt-kaschmir-baumwoll-mix","status":"publish","type":"product","link":"https:\/\/www.warm-me.com\/de\/produkt\/abbie-langarmshirt-kaschmir-baumwoll-mix\/","title":{"rendered":"Abbie Langarmshirt &#8211; Kaschmir-Baumwoll-Mix"},"content":{"rendered":"<p>Unser Abbie Longsleeve hat eine gerade Silhouette. Hergestellt aus einem superfeinen Kaschmir- und Bio-Baumwollmix. Logo-Stickerei auf der R\u00fcckseite. VIANA Warm ME ist ganzj\u00e4hrig tragbar.<\/p>\n<ul>\n<li>15 % Kaschmir und 85 % Bio-Baumwolle<\/li>\n<li>gerade Passform, Rundhalsausschnitt<\/li>\n<li>kleines gesticktes WARM ME-Logo auf der R\u00fcckseite<\/li>\n<li>f\u00e4llt gr\u00f6\u00dfengetreu aus<\/li>\n<\/ul>\n","protected":false},"excerpt":{"rendered":"<p>Unser Abbie Longsleeve hat eine gerade Silhouette. Hergestellt aus einem superfeinen Kaschmir- und Bio-Baumwollmix. Logo-Stickerei auf der R\u00fcckseite. VIANA Warm ME ist ganzj\u00e4hrig tragbar. 15 % Kaschmir und 85 % Bio-Baumwolle gerade Passform, Rundhalsausschnitt kleines gesticktes WARM ME-Logo auf der R\u00fcckseite f\u00e4llt gr\u00f6\u00dfengetreu aus<\/p>\n","protected":false},"featured_media":3745155298371,"template":"","meta":{"_acf_changed":false,"_joinchat":[]},"product_brand":[],"product_cat":[843,873,876],"product_tag":[845,846,879,787],"class_list":{"0":"post-3745155298369","1":"product","2":"type-product","3":"status-publish","4":"has-post-thumbnail","6":"product_cat-viana","7":"product_cat-kaschmir-shirts","8":"product_cat-viana-t-shirts","9":"product_tag-portugal","10":"product_tag-bio-baumwolle","11":"product_tag-entspannte-silhouette","12":"product_tag-kaschmir","14":"first","15":"instock","16":"taxable","17":"shipping-taxable","18":"purchasable","19":"product-type-variable","20":"has-default-attributes"},"acf":[],"_links":{"self":[{"href":"https:\/\/www.warm-me.com\/de\/wp-json\/wp\/v2\/product\/3745155298369","targetHints":{"allow":["GET"]}}],"collection":[{"href":"https:\/\/www.warm-me.com\/de\/wp-json\/wp\/v2\/product"}],"about":[{"href":"https:\/\/www.warm-me.com\/de\/wp-json\/wp\/v2\/types\/product"}],"wp:featuredmedia":[{"embeddable":true,"href":"https:\/\/www.warm-me.com\/de\/wp-json\/wp\/v2\/media\/3745155298371"}],"wp:attachment":[{"href":"https:\/\/www.warm-me.com\/de\/wp-json\/wp\/v2\/media?parent=3745155298369"}],"wp:term":[{"taxonomy":"product_brand","embeddable":true,"href":"https:\/\/www.warm-me.com\/de\/wp-json\/wp\/v2\/product_brand?post=3745155298369"},{"taxonomy":"product_cat","embeddable":true,"href":"https:\/\/www.warm-me.com\/de\/wp-json\/wp\/v2\/product_cat?post=3745155298369"},{"taxonomy":"product_tag","embeddable":true,"href":"https:\/\/www.warm-me.com\/de\/wp-json\/wp\/v2\/product_tag?post=3745155298369"}],"curies":[{"name":"wp","href":"https:\/\/api.w.org\/{rel}","templated":true}]}}