{"id":3745155298381,"date":"2025-05-07T12:59:50","date_gmt":"2025-05-07T10:59:50","guid":{"rendered":"https:\/\/www.warm-me.com\/product\/klara-rippentop-bio-baumwolle\/"},"modified":"2026-03-18T16:20:47","modified_gmt":"2026-03-18T15:20:47","slug":"klara-rippentop-bio-baumwolle","status":"publish","type":"product","link":"https:\/\/www.warm-me.com\/de\/produkt\/klara-rippentop-bio-baumwolle\/","title":{"rendered":"Klara Rippentop \u2013 Bio-Baumwolle"},"content":{"rendered":"<p>Unser Klara Rippentop hat eine schmale Passform. Hergestellt aus superfeiner Bio-Baumwolle. Logostickerei am R\u00fccken.<br \/>\nVIANA Warm Me ist so konzipiert, dass es das ganze Jahr \u00fcber getragen werden kann.  <\/p>\n<ul>\n<li>100 % Bio-Baumwolle<\/li>\n<li>schmale Passform<\/li>\n<li>kleines gesticktes WARM ME-Logo auf der R\u00fcckseite<\/li>\n<li>f\u00e4llt gr\u00f6\u00dfengetreu aus<\/li>\n<\/ul>\n","protected":false},"excerpt":{"rendered":"<p>Unser Klara Rippentop hat eine schmale Passform. Hergestellt aus superfeiner Bio-Baumwolle. Logostickerei am R\u00fccken. VIANA Warm Me ist so konzipiert, dass es das ganze Jahr \u00fcber getragen werden kann. 100 % Bio-Baumwolle schmale Passform kleines gesticktes WARM ME-Logo auf der R\u00fcckseite f\u00e4llt gr\u00f6\u00dfengetreu aus<\/p>\n","protected":false},"featured_media":3745155298385,"template":"","meta":{"_acf_changed":false,"_joinchat":[]},"product_brand":[],"product_cat":[873,876,843],"product_tag":[879,845,846],"class_list":{"0":"post-3745155298381","1":"product","2":"type-product","3":"status-publish","4":"has-post-thumbnail","6":"product_cat-kaschmir-shirts","7":"product_cat-viana-t-shirts","8":"product_cat-viana","9":"product_tag-entspannte-silhouette","10":"product_tag-portugal","11":"product_tag-bio-baumwolle","13":"first","14":"instock","15":"taxable","16":"shipping-taxable","17":"purchasable","18":"product-type-variable","19":"has-default-attributes"},"acf":[],"_links":{"self":[{"href":"https:\/\/www.warm-me.com\/de\/wp-json\/wp\/v2\/product\/3745155298381","targetHints":{"allow":["GET"]}}],"collection":[{"href":"https:\/\/www.warm-me.com\/de\/wp-json\/wp\/v2\/product"}],"about":[{"href":"https:\/\/www.warm-me.com\/de\/wp-json\/wp\/v2\/types\/product"}],"wp:featuredmedia":[{"embeddable":true,"href":"https:\/\/www.warm-me.com\/de\/wp-json\/wp\/v2\/media\/3745155298385"}],"wp:attachment":[{"href":"https:\/\/www.warm-me.com\/de\/wp-json\/wp\/v2\/media?parent=3745155298381"}],"wp:term":[{"taxonomy":"product_brand","embeddable":true,"href":"https:\/\/www.warm-me.com\/de\/wp-json\/wp\/v2\/product_brand?post=3745155298381"},{"taxonomy":"product_cat","embeddable":true,"href":"https:\/\/www.warm-me.com\/de\/wp-json\/wp\/v2\/product_cat?post=3745155298381"},{"taxonomy":"product_tag","embeddable":true,"href":"https:\/\/www.warm-me.com\/de\/wp-json\/wp\/v2\/product_tag?post=3745155298381"}],"curies":[{"name":"wp","href":"https:\/\/api.w.org\/{rel}","templated":true}]}}