{"id":3745155298396,"date":"2025-05-07T16:18:08","date_gmt":"2025-05-07T14:18:08","guid":{"rendered":"https:\/\/www.warm-me.com\/product\/ida-hose-oversized-kaschmir-baumwoll-mix\/"},"modified":"2025-10-26T20:15:11","modified_gmt":"2025-10-26T19:15:11","slug":"ida-hose-oversized-kaschmir-baumwoll-mix","status":"publish","type":"product","link":"https:\/\/www.warm-me.com\/de\/produkt\/ida-hose-oversized-kaschmir-baumwoll-mix\/","title":{"rendered":"Ida Hose Oversized &#8211; Kaschmir-Baumwoll-Mix"},"content":{"rendered":"<p>Ida ist unser Signature-Stil, leicht oversized, damit Sie sich wohlf\u00fchlen, egal was Sie tun. Wir lieben es, sie mit unseren Kaschmirpullovern zu kombinieren. VIANA Warm Me ist f\u00fcr das ganze Jahr konzipiert.<\/p>\n<ul>\n<li>56 % Bio-Baumwolle\/37 % Kaschmir\/7 % Tencell<\/li>\n<li>kleines, gesticktes Logo-Symbol am unteren Rand<\/li>\n<li>elastischer Bund<\/li>\n<li>zwei Taschen in den N\u00e4hten<\/li>\n<li>Kordelzug<\/li>\n<li>f\u00e4llt gr\u00f6\u00dfengerecht aus<\/li>\n<li>leicht oversized<\/li>\n<\/ul>\n","protected":false},"excerpt":{"rendered":"<p>Ida ist unser Signature-Stil, leicht oversized, damit Sie sich wohlf\u00fchlen, egal was Sie tun. Wir lieben es, sie mit unseren Kaschmirpullovern zu kombinieren. VIANA Warm Me ist f\u00fcr das ganze Jahr konzipiert. 56 % Bio-Baumwolle\/37 % Kaschmir\/7 % Tencell kleines, gesticktes Logo-Symbol am unteren Rand elastischer Bund zwei Taschen in den N\u00e4hten Kordelzug f\u00e4llt gr\u00f6\u00dfengerecht [&hellip;]<\/p>\n","protected":false},"featured_media":3745155297815,"template":"","meta":{"_acf_changed":false,"_joinchat":[]},"product_brand":[],"product_cat":[841,843,844],"product_tag":[848,787,845,846,847],"class_list":{"0":"post-3745155298396","1":"product","2":"type-product","3":"status-publish","4":"has-post-thumbnail","6":"product_cat-kaschmirhose","7":"product_cat-viana","8":"product_cat-viana-hose","9":"product_tag-hose","10":"product_tag-kaschmir","11":"product_tag-portugal","12":"product_tag-bio-baumwolle","13":"product_tag-oversized-passform","15":"first","16":"outofstock","17":"taxable","18":"shipping-taxable","19":"purchasable","20":"product-type-variable","21":"has-default-attributes"},"acf":[],"_links":{"self":[{"href":"https:\/\/www.warm-me.com\/de\/wp-json\/wp\/v2\/product\/3745155298396","targetHints":{"allow":["GET"]}}],"collection":[{"href":"https:\/\/www.warm-me.com\/de\/wp-json\/wp\/v2\/product"}],"about":[{"href":"https:\/\/www.warm-me.com\/de\/wp-json\/wp\/v2\/types\/product"}],"wp:featuredmedia":[{"embeddable":true,"href":"https:\/\/www.warm-me.com\/de\/wp-json\/wp\/v2\/media\/3745155297815"}],"wp:attachment":[{"href":"https:\/\/www.warm-me.com\/de\/wp-json\/wp\/v2\/media?parent=3745155298396"}],"wp:term":[{"taxonomy":"product_brand","embeddable":true,"href":"https:\/\/www.warm-me.com\/de\/wp-json\/wp\/v2\/product_brand?post=3745155298396"},{"taxonomy":"product_cat","embeddable":true,"href":"https:\/\/www.warm-me.com\/de\/wp-json\/wp\/v2\/product_cat?post=3745155298396"},{"taxonomy":"product_tag","embeddable":true,"href":"https:\/\/www.warm-me.com\/de\/wp-json\/wp\/v2\/product_tag?post=3745155298396"}],"curies":[{"name":"wp","href":"https:\/\/api.w.org\/{rel}","templated":true}]}}