{"id":3745155298424,"date":"2025-10-22T15:43:15","date_gmt":"2025-10-22T13:43:15","guid":{"rendered":"https:\/\/www.warm-me.com\/product\/naehzeug\/"},"modified":"2025-10-22T15:43:15","modified_gmt":"2025-10-22T13:43:15","slug":"naehzeug","status":"publish","type":"product","link":"https:\/\/www.warm-me.com\/de\/produkt\/naehzeug\/","title":{"rendered":"N\u00e4hzeug"},"content":{"rendered":"<p>Dieses N\u00e4hzeug enth\u00e4lt alle wichtigen N\u00e4hwerkzeuge und -utensilien, die Sie zum Ausbessern Ihrer Kleidung ben\u00f6tigen. Jedes Werkzeug wurde sorgf\u00e4ltig auf der Grundlage von Empfehlungen von professionellen Schneidern ausgew\u00e4hlt. <\/p>\n<div class=\"section-header\">\n<div class=\"section open\">\n<div class=\"section-header\">\n<h5>Wie es funktioniert<\/h5>\n<\/div>\n<div class=\"section-content body_2\">Die Roll-up-Tasche ist von traditionellen japanischen Messertaschen und den Pinselbeh\u00e4ltern von K\u00fcnstlern inspiriert. Das Set enth\u00e4lt alle N\u00e4hwerkzeuge und -utensilien, die Sie ben\u00f6tigen, um einfach ein Loch zu flicken, eine Naht auszubessern oder einen Saum zu reparieren. Jedes Werkzeug wurde sorgf\u00e4ltig auf seine Leistungsf\u00e4higkeit hin ausgew\u00e4hlt \u2013 von strapazierf\u00e4higen Polyesterf\u00e4den und Flicken mit verschiedenen Farben bis hin zu Spezialnadeln zur Reparatur von Strickpullovern.  <\/div>\n<\/div>\n<div class=\"image-block-section-mobile open\">\n<div>\n<div class=\"section-header\">\n<h5>Was ist enthalten<\/h5>\n<\/div>\n<div class=\"section-content body_2\">\n<ul>\n<li>F\u00e4den x 6<\/li>\n<li>Schere<\/li>\n<li>Nahttrenner<\/li>\n<li>Stift f\u00fcr Stoff<\/li>\n<li>Nadeln x 7<\/li>\n<li>Stecknadeln x 10<\/li>\n<li>Sicherheitsnadeln x 4<\/li>\n<li>Metallfingerhut<\/li>\n<li>Ma\u00dfband<\/li>\n<li>Schnellflicken x 5<\/li>\n<li>Kn\u00f6pfe x 12<\/li>\n<li>Einf\u00e4dler<\/li>\n<\/ul>\n<\/div>\n<\/div>\n<\/div>\n<\/div>\n<div class=\"section-content body_2\">\n<p>&nbsp;<\/p>\n<p>&nbsp;<\/p>\n<\/div>\n","protected":false},"excerpt":{"rendered":"<p>Dieses N\u00e4hzeug enth\u00e4lt alle wichtigen N\u00e4hwerkzeuge und -utensilien, die Sie zum Ausbessern Ihrer Kleidung ben\u00f6tigen. Jedes Werkzeug wurde sorgf\u00e4ltig auf der Grundlage von Empfehlungen von professionellen Schneidern ausgew\u00e4hlt. Wie es funktioniert Die Roll-up-Tasche ist von traditionellen japanischen Messertaschen und den Pinselbeh\u00e4ltern von K\u00fcnstlern inspiriert. Das Set enth\u00e4lt alle N\u00e4hwerkzeuge und -utensilien, die Sie ben\u00f6tigen, um [&hellip;]<\/p>\n","protected":false},"featured_media":3745155297122,"template":"","meta":{"_acf_changed":false,"_joinchat":[]},"product_brand":[755],"product_cat":[856],"product_tag":[857],"class_list":{"0":"post-3745155298424","1":"product","2":"type-product","3":"status-publish","4":"has-post-thumbnail","6":"product_brand-steamery","7":"product_cat-pflege","8":"product_tag-pflege","10":"first","11":"instock","12":"taxable","13":"shipping-taxable","14":"purchasable","15":"product-type-simple"},"acf":[],"_links":{"self":[{"href":"https:\/\/www.warm-me.com\/de\/wp-json\/wp\/v2\/product\/3745155298424","targetHints":{"allow":["GET"]}}],"collection":[{"href":"https:\/\/www.warm-me.com\/de\/wp-json\/wp\/v2\/product"}],"about":[{"href":"https:\/\/www.warm-me.com\/de\/wp-json\/wp\/v2\/types\/product"}],"wp:featuredmedia":[{"embeddable":true,"href":"https:\/\/www.warm-me.com\/de\/wp-json\/wp\/v2\/media\/3745155297122"}],"wp:attachment":[{"href":"https:\/\/www.warm-me.com\/de\/wp-json\/wp\/v2\/media?parent=3745155298424"}],"wp:term":[{"taxonomy":"product_brand","embeddable":true,"href":"https:\/\/www.warm-me.com\/de\/wp-json\/wp\/v2\/product_brand?post=3745155298424"},{"taxonomy":"product_cat","embeddable":true,"href":"https:\/\/www.warm-me.com\/de\/wp-json\/wp\/v2\/product_cat?post=3745155298424"},{"taxonomy":"product_tag","embeddable":true,"href":"https:\/\/www.warm-me.com\/de\/wp-json\/wp\/v2\/product_tag?post=3745155298424"}],"curies":[{"name":"wp","href":"https:\/\/api.w.org\/{rel}","templated":true}]}}