{"id":3745155298532,"date":"2025-10-23T15:48:20","date_gmt":"2025-10-23T13:48:20","guid":{"rendered":"https:\/\/www.warm-me.com\/?post_type=product&#038;p=3745155298532"},"modified":"2025-11-10T17:08:48","modified_gmt":"2025-11-10T16:08:48","slug":"pullover-mavi-copy","status":"publish","type":"product","link":"https:\/\/www.warm-me.com\/de\/produkt\/pullover-mavi-copy\/","title":{"rendered":"Strickjacke Winny Spray"},"content":{"rendered":"<p>Ein Warm-Me-Favorit: der Winny Spray Cardigan \u2013 ein weiches Kaschmir-Layer mit handgespr\u00fchtem Finish f\u00fcr einen modernen Touch<\/p>\n<p>Details:<\/p>\n<ul>\n<li>100 % Kaschmir<\/li>\n<li>Handgefertigt in Nepal<\/li>\n<li>mittlere Strickst\u00e4rke<\/li>\n<li>leicht oversized<\/li>\n<li>gesprayter Look<\/li>\n<li>2-f\u00e4dig<\/li>\n<\/ul>\n","protected":false},"excerpt":{"rendered":"<p>Ein Warm-Me-Favorit: der Winny Spray Cardigan \u2013 ein weiches Kaschmir-Layer mit handgespr\u00fchtem Finish f\u00fcr einen modernen Touch Details: 100 % Kaschmir Handgefertigt in Nepal mittlere Strickst\u00e4rke leicht oversized gesprayter Look 2-f\u00e4dig<\/p>\n","protected":false},"featured_media":0,"template":"","meta":{"_acf_changed":false,"_joinchat":[]},"product_brand":[],"product_cat":[852,867],"product_tag":[800,892,787,796],"class_list":{"0":"post-3745155298532","1":"product","2":"type-product","3":"status-publish","5":"product_cat-bekleidung","6":"product_cat-kaschmirpullover","7":"product_tag-weiblich","8":"product_tag-pullover","9":"product_tag-kaschmir","10":"product_tag-neu","12":"first","13":"outofstock","14":"taxable","15":"shipping-taxable","16":"purchasable","17":"product-type-variable","18":"has-default-attributes"},"acf":[],"_links":{"self":[{"href":"https:\/\/www.warm-me.com\/de\/wp-json\/wp\/v2\/product\/3745155298532","targetHints":{"allow":["GET"]}}],"collection":[{"href":"https:\/\/www.warm-me.com\/de\/wp-json\/wp\/v2\/product"}],"about":[{"href":"https:\/\/www.warm-me.com\/de\/wp-json\/wp\/v2\/types\/product"}],"wp:attachment":[{"href":"https:\/\/www.warm-me.com\/de\/wp-json\/wp\/v2\/media?parent=3745155298532"}],"wp:term":[{"taxonomy":"product_brand","embeddable":true,"href":"https:\/\/www.warm-me.com\/de\/wp-json\/wp\/v2\/product_brand?post=3745155298532"},{"taxonomy":"product_cat","embeddable":true,"href":"https:\/\/www.warm-me.com\/de\/wp-json\/wp\/v2\/product_cat?post=3745155298532"},{"taxonomy":"product_tag","embeddable":true,"href":"https:\/\/www.warm-me.com\/de\/wp-json\/wp\/v2\/product_tag?post=3745155298532"}],"curies":[{"name":"wp","href":"https:\/\/api.w.org\/{rel}","templated":true}]}}