{"id":3745155298826,"date":"2025-05-07T13:41:12","date_gmt":"2025-05-07T11:41:12","guid":{"rendered":"https:\/\/www.warm-me.com\/product\/nina-t-shirt-bio-baumwolle\/"},"modified":"2026-03-25T11:04:45","modified_gmt":"2026-03-25T10:04:45","slug":"nina-t-shirt-bio-baumwolle","status":"publish","type":"product","link":"https:\/\/www.warm-me.com\/de\/produkt\/nina-t-shirt-bio-baumwolle\/","title":{"rendered":"Nina T-Shirt \u2013 Bio-Baumwolle"},"content":{"rendered":"<p>Unser Nina T-Shirt hat eine kastige Passform mit einer kleinen Tasche. Hergestellt aus superfeiner Bio-Baumwolle. Logo-Stickerei auf der R\u00fcckseite.<br \/>\nVIANA Warm ME ist f\u00fcr das ganze Jahr konzipiert.<\/p>\n<ul>\n<li>100 % Bio-Baumwolle<\/li>\n<li>Kastenf\u00f6rmige Passform, runder Halsausschnitt<\/li>\n<li>kleines gesticktes WARM ME-Logo auf der R\u00fcckseite<\/li>\n<li>f\u00e4llt gr\u00f6\u00dfengetreu aus<\/li>\n<\/ul>\n","protected":false},"excerpt":{"rendered":"<p>Unser Nina T-Shirt hat eine kastige Passform mit einer kleinen Tasche. Hergestellt aus superfeiner Bio-Baumwolle. Logo-Stickerei auf der R\u00fcckseite. VIANA Warm ME ist f\u00fcr das ganze Jahr konzipiert. 100 % Bio-Baumwolle Kastenf\u00f6rmige Passform, runder Halsausschnitt kleines gesticktes WARM ME-Logo auf der R\u00fcckseite f\u00e4llt gr\u00f6\u00dfengetreu aus<\/p>\n","protected":false},"featured_media":3745155298827,"template":"","meta":{"_acf_changed":false,"_joinchat":[]},"product_brand":[],"product_cat":[843,873,876],"product_tag":[845,846,796,993],"class_list":{"0":"post-3745155298826","1":"product","2":"type-product","3":"status-publish","4":"has-post-thumbnail","6":"product_cat-viana","7":"product_cat-kaschmir-shirts","8":"product_cat-viana-t-shirts","9":"product_tag-portugal","10":"product_tag-bio-baumwolle","11":"product_tag-neu","12":"product_tag-kastenformige-silhouette","14":"first","15":"instock","16":"taxable","17":"shipping-taxable","18":"purchasable","19":"product-type-variable","20":"has-default-attributes"},"acf":[],"_links":{"self":[{"href":"https:\/\/www.warm-me.com\/de\/wp-json\/wp\/v2\/product\/3745155298826","targetHints":{"allow":["GET"]}}],"collection":[{"href":"https:\/\/www.warm-me.com\/de\/wp-json\/wp\/v2\/product"}],"about":[{"href":"https:\/\/www.warm-me.com\/de\/wp-json\/wp\/v2\/types\/product"}],"wp:featuredmedia":[{"embeddable":true,"href":"https:\/\/www.warm-me.com\/de\/wp-json\/wp\/v2\/media\/3745155298827"}],"wp:attachment":[{"href":"https:\/\/www.warm-me.com\/de\/wp-json\/wp\/v2\/media?parent=3745155298826"}],"wp:term":[{"taxonomy":"product_brand","embeddable":true,"href":"https:\/\/www.warm-me.com\/de\/wp-json\/wp\/v2\/product_brand?post=3745155298826"},{"taxonomy":"product_cat","embeddable":true,"href":"https:\/\/www.warm-me.com\/de\/wp-json\/wp\/v2\/product_cat?post=3745155298826"},{"taxonomy":"product_tag","embeddable":true,"href":"https:\/\/www.warm-me.com\/de\/wp-json\/wp\/v2\/product_tag?post=3745155298826"}],"curies":[{"name":"wp","href":"https:\/\/api.w.org\/{rel}","templated":true}]}}