{"id":3745155298851,"date":"2023-05-31T23:26:18","date_gmt":"2023-05-31T21:26:18","guid":{"rendered":"https:\/\/www.warm-me.com\/product\/libbie-t-shirt-100-bio-baumwolle\/"},"modified":"2026-03-25T10:59:27","modified_gmt":"2026-03-25T09:59:27","slug":"libbie-t-shirt-100-bio-baumwolle","status":"publish","type":"product","link":"https:\/\/www.warm-me.com\/de\/produkt\/libbie-t-shirt-100-bio-baumwolle\/","title":{"rendered":"Libbie T-Shirt \u2013 Bio-Baumwolle"},"content":{"rendered":"<p>Unser Libbie T-Shirt hat eine schmale Passform. Hergestellt aus superfeiner Bio-Baumwolle. Logo-Stickerei am R\u00fccken. VIANA Warm ME ist so designt, dass Sie es das ganze Jahr \u00fcber tragen k\u00f6nnen.<\/p>\n<ul>\n<li>100 % Bio-Baumwolle<\/li>\n<li>schmale Passform<\/li>\n<li>kleines gesticktes WARM ME-Logo auf der R\u00fcckseite<\/li>\n<li>f\u00e4llt gr\u00f6\u00dfengetreu aus<\/li>\n<\/ul>\n","protected":false},"excerpt":{"rendered":"<p>Unser Libbie T-Shirt hat eine schmale Passform. Hergestellt aus superfeiner Bio-Baumwolle. Logo-Stickerei am R\u00fccken. VIANA Warm ME ist so designt, dass Sie es das ganze Jahr \u00fcber tragen k\u00f6nnen. 100 % Bio-Baumwolle schmale Passform kleines gesticktes WARM ME-Logo auf der R\u00fcckseite f\u00e4llt gr\u00f6\u00dfengetreu aus<\/p>\n","protected":false},"featured_media":3745155298852,"template":"","meta":{"_acf_changed":false,"_joinchat":[]},"product_brand":[],"product_cat":[873,876,843],"product_tag":[879,994,845,846],"class_list":{"0":"post-3745155298851","1":"product","2":"type-product","3":"status-publish","4":"has-post-thumbnail","6":"product_cat-kaschmir-shirts","7":"product_cat-viana-t-shirts","8":"product_cat-viana","9":"product_tag-entspannte-silhouette","10":"product_tag-lyocell","11":"product_tag-portugal","12":"product_tag-bio-baumwolle","14":"first","15":"instock","16":"taxable","17":"shipping-taxable","18":"purchasable","19":"product-type-variable","20":"has-default-attributes"},"acf":[],"_links":{"self":[{"href":"https:\/\/www.warm-me.com\/de\/wp-json\/wp\/v2\/product\/3745155298851","targetHints":{"allow":["GET"]}}],"collection":[{"href":"https:\/\/www.warm-me.com\/de\/wp-json\/wp\/v2\/product"}],"about":[{"href":"https:\/\/www.warm-me.com\/de\/wp-json\/wp\/v2\/types\/product"}],"wp:featuredmedia":[{"embeddable":true,"href":"https:\/\/www.warm-me.com\/de\/wp-json\/wp\/v2\/media\/3745155298852"}],"wp:attachment":[{"href":"https:\/\/www.warm-me.com\/de\/wp-json\/wp\/v2\/media?parent=3745155298851"}],"wp:term":[{"taxonomy":"product_brand","embeddable":true,"href":"https:\/\/www.warm-me.com\/de\/wp-json\/wp\/v2\/product_brand?post=3745155298851"},{"taxonomy":"product_cat","embeddable":true,"href":"https:\/\/www.warm-me.com\/de\/wp-json\/wp\/v2\/product_cat?post=3745155298851"},{"taxonomy":"product_tag","embeddable":true,"href":"https:\/\/www.warm-me.com\/de\/wp-json\/wp\/v2\/product_tag?post=3745155298851"}],"curies":[{"name":"wp","href":"https:\/\/api.w.org\/{rel}","templated":true}]}}