{"id":3745155299795,"date":"2021-08-01T10:00:24","date_gmt":"2021-08-01T08:00:24","guid":{"rendered":"https:\/\/www.warm-me.com\/product\/schal-nomad\/"},"modified":"2026-04-09T16:13:26","modified_gmt":"2026-04-09T14:13:26","slug":"schal-nomad","status":"publish","type":"product","link":"https:\/\/www.warm-me.com\/de\/produkt\/schal-nomad\/","title":{"rendered":"Schal Nomad"},"content":{"rendered":"<p>Extra gro\u00df, ultraweich und handgefertigt: Der Nomad Scarf ist das ideale Kaschmir-Accessoire f\u00fcr jedes Outfit. Sein feiner, zarter Strick ist leicht genug, um im Sommer als Pashmina getragen zu werden, w\u00e4hrend die traditionellen Fransen Eleganz und Handwerkskunst verk\u00f6rpern. Vielseitige Styling-Optionen \u2013 \u00fcber die Schultern drapiert, als Schal oder l\u00e4ssig an der Tasche \u2013 sorgen das ganze Jahr \u00fcber f\u00fcr m\u00fchelosen Stil und behaglichen Komfort.  <\/p>\n<p>Details:<\/p>\n<ul>\n<li>100 % mongolisches Kaschmir<\/li>\n<li>handgefertigt in Nepal<\/li>\n<li>Glattstrick (1-f\u00e4dig)<\/li>\n<li>sehr feiner, zarter Strick<\/li>\n<li>traditioneller Fransenabschluss<\/li>\n<li>ganzj\u00e4hrig tragbar<\/li>\n<\/ul>\n","protected":false},"excerpt":{"rendered":"<p>Extra gro\u00df, ultraweich und handgefertigt: Der Nomad Scarf ist das ideale Kaschmir-Accessoire f\u00fcr jedes Outfit. Sein feiner, zarter Strick ist leicht genug, um im Sommer als Pashmina getragen zu werden, w\u00e4hrend die traditionellen Fransen Eleganz und Handwerkskunst verk\u00f6rpern. Vielseitige Styling-Optionen \u2013 \u00fcber die Schultern drapiert, als Schal oder l\u00e4ssig an der Tasche \u2013 sorgen das [&hellip;]<\/p>\n","protected":false},"featured_media":3745155300557,"template":"","meta":{"_acf_changed":false,"_joinchat":[]},"product_brand":[],"product_cat":[824,827],"product_tag":[787],"class_list":{"0":"post-3745155299795","1":"product","2":"type-product","3":"status-publish","4":"has-post-thumbnail","6":"product_cat-kaschmirschals-handschuhe","7":"product_cat-kaschmirschals","8":"product_tag-kaschmir","10":"first","11":"instock","12":"taxable","13":"shipping-taxable","14":"purchasable","15":"product-type-variable","16":"has-default-attributes"},"acf":[],"_links":{"self":[{"href":"https:\/\/www.warm-me.com\/de\/wp-json\/wp\/v2\/product\/3745155299795","targetHints":{"allow":["GET"]}}],"collection":[{"href":"https:\/\/www.warm-me.com\/de\/wp-json\/wp\/v2\/product"}],"about":[{"href":"https:\/\/www.warm-me.com\/de\/wp-json\/wp\/v2\/types\/product"}],"wp:featuredmedia":[{"embeddable":true,"href":"https:\/\/www.warm-me.com\/de\/wp-json\/wp\/v2\/media\/3745155300557"}],"wp:attachment":[{"href":"https:\/\/www.warm-me.com\/de\/wp-json\/wp\/v2\/media?parent=3745155299795"}],"wp:term":[{"taxonomy":"product_brand","embeddable":true,"href":"https:\/\/www.warm-me.com\/de\/wp-json\/wp\/v2\/product_brand?post=3745155299795"},{"taxonomy":"product_cat","embeddable":true,"href":"https:\/\/www.warm-me.com\/de\/wp-json\/wp\/v2\/product_cat?post=3745155299795"},{"taxonomy":"product_tag","embeddable":true,"href":"https:\/\/www.warm-me.com\/de\/wp-json\/wp\/v2\/product_tag?post=3745155299795"}],"curies":[{"name":"wp","href":"https:\/\/api.w.org\/{rel}","templated":true}]}}