{"id":3745155300406,"date":"2025-05-08T14:19:30","date_gmt":"2025-05-08T12:19:30","guid":{"rendered":"https:\/\/www.warm-me.com\/product\/top-suri\/"},"modified":"2026-03-26T10:24:33","modified_gmt":"2026-03-26T09:24:33","slug":"top-suri","status":"publish","type":"product","link":"https:\/\/www.warm-me.com\/de\/produkt\/top-suri\/","title":{"rendered":"Top SURI"},"content":{"rendered":"<p data-start=\"117\" data-end=\"260\">Das Top Suri ist ein moderner,\u00a0 \u00e4rmelloser Strickpullover, perfekt f\u00fcr m\u00fcheloses Layering und zeitlosen Stil.<\/p>\n<p data-start=\"351\" data-end=\"540\">\u00dcber Hemden, Blusen oder l\u00e4ssigen Shirts getragen, verleiht er Outfits Struktur, Tiefe und dezenten Luxus \u2013 ideal f\u00fcr sowohl elegante Kombinationen als auch casual Denim-Looks. Ein zeitloses Strick-Essential f\u00fcr jede Saison.<\/p>\n<p data-start=\"117\" data-end=\"260\">Details:<\/p>\n<ul>\n<li>Strick in mittlerer St\u00e4rke<\/li>\n<li>leicht oversized geschnitten<\/li>\n<li>perfektes Layering-Piece<\/li>\n<li>L\u00e4ssiger Stil<\/li>\n<li>passt wirklich zu allen Anl\u00e4ssen.<\/li>\n<li>handgefertigt in Nepal<\/li>\n<li>Hergestellt aus 100 % feinen mongolischen Kaschmirfasern<\/li>\n<\/ul>\n","protected":false},"excerpt":{"rendered":"<p>Das Top Suri ist ein moderner,\u00a0 \u00e4rmelloser Strickpullover, perfekt f\u00fcr m\u00fcheloses Layering und zeitlosen Stil. \u00dcber Hemden, Blusen oder l\u00e4ssigen Shirts getragen, verleiht er Outfits Struktur, Tiefe und dezenten Luxus \u2013 ideal f\u00fcr sowohl elegante Kombinationen als auch casual Denim-Looks. Ein zeitloses Strick-Essential f\u00fcr jede Saison. Details: Strick in mittlerer St\u00e4rke leicht oversized geschnitten perfektes [&hellip;]<\/p>\n","protected":false},"featured_media":3745155300421,"template":"","meta":{"_acf_changed":false,"_joinchat":[]},"product_brand":[],"product_cat":[794,852,867],"product_tag":[787,796,800],"class_list":{"0":"post-3745155300406","1":"product","2":"type-product","3":"status-publish","4":"has-post-thumbnail","6":"product_cat-kaschmir-kollektion-neuheiten","7":"product_cat-bekleidung","8":"product_cat-kaschmirpullover","9":"product_tag-kaschmir","10":"product_tag-neu","11":"product_tag-weiblich","13":"first","14":"instock","15":"taxable","16":"shipping-taxable","17":"purchasable","18":"product-type-variable","19":"has-default-attributes"},"acf":[],"_links":{"self":[{"href":"https:\/\/www.warm-me.com\/de\/wp-json\/wp\/v2\/product\/3745155300406","targetHints":{"allow":["GET"]}}],"collection":[{"href":"https:\/\/www.warm-me.com\/de\/wp-json\/wp\/v2\/product"}],"about":[{"href":"https:\/\/www.warm-me.com\/de\/wp-json\/wp\/v2\/types\/product"}],"wp:featuredmedia":[{"embeddable":true,"href":"https:\/\/www.warm-me.com\/de\/wp-json\/wp\/v2\/media\/3745155300421"}],"wp:attachment":[{"href":"https:\/\/www.warm-me.com\/de\/wp-json\/wp\/v2\/media?parent=3745155300406"}],"wp:term":[{"taxonomy":"product_brand","embeddable":true,"href":"https:\/\/www.warm-me.com\/de\/wp-json\/wp\/v2\/product_brand?post=3745155300406"},{"taxonomy":"product_cat","embeddable":true,"href":"https:\/\/www.warm-me.com\/de\/wp-json\/wp\/v2\/product_cat?post=3745155300406"},{"taxonomy":"product_tag","embeddable":true,"href":"https:\/\/www.warm-me.com\/de\/wp-json\/wp\/v2\/product_tag?post=3745155300406"}],"curies":[{"name":"wp","href":"https:\/\/api.w.org\/{rel}","templated":true}]}}