{"id":3745155300426,"date":"2026-03-03T15:53:57","date_gmt":"2026-03-03T14:53:57","guid":{"rendered":"https:\/\/www.warm-me.com\/?post_type=product&#038;p=3745155300426"},"modified":"2026-04-15T12:05:53","modified_gmt":"2026-04-15T10:05:53","slug":"cardigan-winny-sterne-spray-copy","status":"publish","type":"product","link":"https:\/\/www.warm-me.com\/de\/produkt\/cardigan-winny-sterne-spray-copy\/","title":{"rendered":"Cardigan Vina"},"content":{"rendered":"<p>Der Vina Cardigan \u2013 ein ultraleichter Pullover in offenem Strick, der f\u00fcr einen m\u00fchelos edgy Look entworfen wurde. Gefertigt aus weichem, luftigem Strick mit entspannter Passform, l\u00e4sst sich dieser Statement-Cardigan perfekt \u00fcber Tops und Kleider layern und verleiht jedem Outfit Struktur und modernen Flair. <\/p>\n<p>Details:<\/p>\n<ul>\n<li>ultraleichter Strick<\/li>\n<li>entspannte Passform<\/li>\n<li>100 % mongolisches Kaschmir<\/li>\n<li>handgefertigt in Nepal<\/li>\n<\/ul>\n","protected":false},"excerpt":{"rendered":"<p>Der Vina Cardigan \u2013 ein ultraleichter Pullover in offenem Strick, der f\u00fcr einen m\u00fchelos edgy Look entworfen wurde. Gefertigt aus weichem, luftigem Strick mit entspannter Passform, l\u00e4sst sich dieser Statement-Cardigan perfekt \u00fcber Tops und Kleider layern und verleiht jedem Outfit Struktur und modernen Flair. Details: ultraleichter Strick entspannte Passform 100 % mongolisches Kaschmir handgefertigt in [&hellip;]<\/p>\n","protected":false},"featured_media":3745155300444,"template":"","meta":{"_acf_changed":false,"_joinchat":[]},"product_brand":[],"product_cat":[867,794,852],"product_tag":[892,787,796,800],"class_list":{"0":"post-3745155300426","1":"product","2":"type-product","3":"status-publish","4":"has-post-thumbnail","6":"product_cat-kaschmirpullover","7":"product_cat-kaschmir-kollektion-neuheiten","8":"product_cat-bekleidung","9":"product_tag-pullover","10":"product_tag-kaschmir","11":"product_tag-neu","12":"product_tag-weiblich","14":"first","15":"instock","16":"taxable","17":"shipping-taxable","18":"purchasable","19":"product-type-variable","20":"has-default-attributes"},"acf":[],"_links":{"self":[{"href":"https:\/\/www.warm-me.com\/de\/wp-json\/wp\/v2\/product\/3745155300426","targetHints":{"allow":["GET"]}}],"collection":[{"href":"https:\/\/www.warm-me.com\/de\/wp-json\/wp\/v2\/product"}],"about":[{"href":"https:\/\/www.warm-me.com\/de\/wp-json\/wp\/v2\/types\/product"}],"wp:featuredmedia":[{"embeddable":true,"href":"https:\/\/www.warm-me.com\/de\/wp-json\/wp\/v2\/media\/3745155300444"}],"wp:attachment":[{"href":"https:\/\/www.warm-me.com\/de\/wp-json\/wp\/v2\/media?parent=3745155300426"}],"wp:term":[{"taxonomy":"product_brand","embeddable":true,"href":"https:\/\/www.warm-me.com\/de\/wp-json\/wp\/v2\/product_brand?post=3745155300426"},{"taxonomy":"product_cat","embeddable":true,"href":"https:\/\/www.warm-me.com\/de\/wp-json\/wp\/v2\/product_cat?post=3745155300426"},{"taxonomy":"product_tag","embeddable":true,"href":"https:\/\/www.warm-me.com\/de\/wp-json\/wp\/v2\/product_tag?post=3745155300426"}],"curies":[{"name":"wp","href":"https:\/\/api.w.org\/{rel}","templated":true}]}}