{"id":3745155300503,"date":"2025-05-07T16:23:12","date_gmt":"2025-05-07T14:23:12","guid":{"rendered":"https:\/\/www.warm-me.com\/product\/ida-short-kaschmir-baumwoll-mix\/"},"modified":"2026-03-19T14:20:09","modified_gmt":"2026-03-19T13:20:09","slug":"ida-short-kaschmir-baumwoll-mix","status":"publish","type":"product","link":"https:\/\/www.warm-me.com\/de\/produkt\/ida-short-kaschmir-baumwoll-mix\/","title":{"rendered":"Ida Short \u2013 Kaschmir-Baumwoll-Mix"},"content":{"rendered":"<p>Ida ist unser Signature-Style, leicht oversized geschnitten f\u00fcr ein gem\u00fctliches Tragegef\u00fchl bei jeder Gelegenheit. Wir lieben die Kombination mit unseren Kaschmirpullovern.  VIANA Warm Me ist f\u00fcr das ganze Jahr konzipiert.<\/p>\n<ul>\n<li>56 % Bio-Baumwolle\/37 % Kaschmir\/7 % Tencell<\/li>\n<li>kleines, gesticktes Logo-Symbol am unteren Rand<\/li>\n<li>elastischer Bund<\/li>\n<li>zwei Taschen in den N\u00e4hten<\/li>\n<li>Kordelzug<\/li>\n<li>f\u00e4llt gr\u00f6\u00dfengetreu aus<\/li>\n<li>Leicht \u00fcbergro\u00dfe Passform<\/li>\n<\/ul>\n","protected":false},"excerpt":{"rendered":"<p>Ida ist unser Signature-Style, leicht oversized geschnitten f\u00fcr ein gem\u00fctliches Tragegef\u00fchl bei jeder Gelegenheit. Wir lieben die Kombination mit unseren Kaschmirpullovern. VIANA Warm Me ist f\u00fcr das ganze Jahr konzipiert. 56 % Bio-Baumwolle\/37 % Kaschmir\/7 % Tencell kleines, gesticktes Logo-Symbol am unteren Rand elastischer Bund zwei Taschen in den N\u00e4hten Kordelzug f\u00e4llt gr\u00f6\u00dfengetreu aus Leicht [&hellip;]<\/p>\n","protected":false},"featured_media":3745155298372,"template":"","meta":{"_acf_changed":false,"_joinchat":[]},"product_brand":[],"product_cat":[841,843,844],"product_tag":[787,847,796,848,845,846],"class_list":{"0":"post-3745155300503","1":"product","2":"type-product","3":"status-publish","4":"has-post-thumbnail","6":"product_cat-kaschmirhose","7":"product_cat-viana","8":"product_cat-viana-hose","9":"product_tag-kaschmir","10":"product_tag-oversized-passform","11":"product_tag-neu","12":"product_tag-hose","13":"product_tag-portugal","14":"product_tag-bio-baumwolle","16":"first","17":"instock","18":"taxable","19":"shipping-taxable","20":"purchasable","21":"product-type-variable","22":"has-default-attributes"},"acf":[],"_links":{"self":[{"href":"https:\/\/www.warm-me.com\/de\/wp-json\/wp\/v2\/product\/3745155300503","targetHints":{"allow":["GET"]}}],"collection":[{"href":"https:\/\/www.warm-me.com\/de\/wp-json\/wp\/v2\/product"}],"about":[{"href":"https:\/\/www.warm-me.com\/de\/wp-json\/wp\/v2\/types\/product"}],"wp:featuredmedia":[{"embeddable":true,"href":"https:\/\/www.warm-me.com\/de\/wp-json\/wp\/v2\/media\/3745155298372"}],"wp:attachment":[{"href":"https:\/\/www.warm-me.com\/de\/wp-json\/wp\/v2\/media?parent=3745155300503"}],"wp:term":[{"taxonomy":"product_brand","embeddable":true,"href":"https:\/\/www.warm-me.com\/de\/wp-json\/wp\/v2\/product_brand?post=3745155300503"},{"taxonomy":"product_cat","embeddable":true,"href":"https:\/\/www.warm-me.com\/de\/wp-json\/wp\/v2\/product_cat?post=3745155300503"},{"taxonomy":"product_tag","embeddable":true,"href":"https:\/\/www.warm-me.com\/de\/wp-json\/wp\/v2\/product_tag?post=3745155300503"}],"curies":[{"name":"wp","href":"https:\/\/api.w.org\/{rel}","templated":true}]}}