{"id":3745155300525,"date":"2025-05-07T13:30:57","date_gmt":"2025-05-07T11:30:57","guid":{"rendered":"https:\/\/www.warm-me.com\/product\/elin-pullover-bio-baumwolle\/"},"modified":"2026-04-20T11:42:02","modified_gmt":"2026-04-20T09:42:02","slug":"elin-pullover-bio-baumwolle","status":"publish","type":"product","link":"https:\/\/www.warm-me.com\/de\/produkt\/elin-pullover-bio-baumwolle\/","title":{"rendered":"Elin Pullover &#8211; Bio-Baumwolle"},"content":{"rendered":"<p>Leicht oversized \u2013 die perfekte Wahl f\u00fcr jeden Anlass, um sich 365 Tage im Jahr wohl und gem\u00fctlich zu f\u00fchlen. VIANA Warm Me ist f\u00fcr das ganze Jahr konzipiert.<\/p>\n<ul>\n<li>100 % Bio-Baumwolle<\/li>\n<li>leicht oversized, Rundhalsausschnitt<\/li>\n<li>kleines gesticktes WARM ME-Logo auf der R\u00fcckseite<\/li>\n<\/ul>\n","protected":false},"excerpt":{"rendered":"<p>Leicht oversized \u2013 die perfekte Wahl f\u00fcr jeden Anlass, um sich 365 Tage im Jahr wohl und gem\u00fctlich zu f\u00fchlen. VIANA Warm Me ist f\u00fcr das ganze Jahr konzipiert. 100 % Bio-Baumwolle leicht oversized, Rundhalsausschnitt kleines gesticktes WARM ME-Logo auf der R\u00fcckseite<\/p>\n","protected":false},"featured_media":3745155299674,"template":"","meta":{"_acf_changed":false,"_joinchat":[]},"product_brand":[],"product_cat":[1054,841,843,844],"product_tag":[845,846,847],"class_list":{"0":"post-3745155300525","1":"product","2":"type-product","3":"status-publish","4":"has-post-thumbnail","6":"product_cat-viana-pullover","7":"product_cat-kaschmirhose","8":"product_cat-viana","9":"product_cat-viana-hose","10":"product_tag-portugal","11":"product_tag-bio-baumwolle","12":"product_tag-oversized-passform","14":"first","15":"instock","16":"taxable","17":"shipping-taxable","18":"purchasable","19":"product-type-variable","20":"has-default-attributes"},"acf":[],"_links":{"self":[{"href":"https:\/\/www.warm-me.com\/de\/wp-json\/wp\/v2\/product\/3745155300525","targetHints":{"allow":["GET"]}}],"collection":[{"href":"https:\/\/www.warm-me.com\/de\/wp-json\/wp\/v2\/product"}],"about":[{"href":"https:\/\/www.warm-me.com\/de\/wp-json\/wp\/v2\/types\/product"}],"wp:featuredmedia":[{"embeddable":true,"href":"https:\/\/www.warm-me.com\/de\/wp-json\/wp\/v2\/media\/3745155299674"}],"wp:attachment":[{"href":"https:\/\/www.warm-me.com\/de\/wp-json\/wp\/v2\/media?parent=3745155300525"}],"wp:term":[{"taxonomy":"product_brand","embeddable":true,"href":"https:\/\/www.warm-me.com\/de\/wp-json\/wp\/v2\/product_brand?post=3745155300525"},{"taxonomy":"product_cat","embeddable":true,"href":"https:\/\/www.warm-me.com\/de\/wp-json\/wp\/v2\/product_cat?post=3745155300525"},{"taxonomy":"product_tag","embeddable":true,"href":"https:\/\/www.warm-me.com\/de\/wp-json\/wp\/v2\/product_tag?post=3745155300525"}],"curies":[{"name":"wp","href":"https:\/\/api.w.org\/{rel}","templated":true}]}}