{"id":3745155300568,"date":"2025-05-08T15:17:05","date_gmt":"2025-05-08T13:17:05","guid":{"rendered":"https:\/\/www.warm-me.com\/product\/top-handgestrickt\/"},"modified":"2026-03-26T10:10:24","modified_gmt":"2026-03-26T09:10:24","slug":"top-handgestrickt","status":"publish","type":"product","link":"https:\/\/www.warm-me.com\/de\/produkt\/top-handgestrickt\/","title":{"rendered":"Top HANDGESTRICKT"},"content":{"rendered":"<p data-start=\"121\" data-end=\"352\">Das Handstrick-Top ist ein einzigartiges Strickst\u00fcck, das durch eine spezielle Handstricktechnik seine unverwechselbare Textur und seinen Charakter erh\u00e4lt.<\/p>\n<p data-start=\"354\" data-end=\"498\">Dieses leichte und vielseitige Strick-Top verleiht jedem Outfit eine besondere handwerkliche Note und spiegelt die Handwerkskunst wider, die in jedem WARM ME St\u00fcck steckt.<\/p>\n<p data-start=\"500\" data-end=\"508\">Details:<\/p>\n<ul>\n<li>spezielle Handstricktechnik<\/li>\n<li>einzigartige Textur<\/li>\n<li>leichtes Strickst\u00fcck<\/li>\n<li>handwerkliches Einzelst\u00fcck<\/li>\n<li>handgewebt in Nepal<\/li>\n<li>Hergestellt aus 100 % feinen mongolischen Kaschmirfasern<\/li>\n<\/ul>\n","protected":false},"excerpt":{"rendered":"<p>Das Handstrick-Top ist ein einzigartiges Strickst\u00fcck, das durch eine spezielle Handstricktechnik seine unverwechselbare Textur und seinen Charakter erh\u00e4lt. Dieses leichte und vielseitige Strick-Top verleiht jedem Outfit eine besondere handwerkliche Note und spiegelt die Handwerkskunst wider, die in jedem WARM ME St\u00fcck steckt. Details: spezielle Handstricktechnik einzigartige Textur leichtes Strickst\u00fcck handwerkliches Einzelst\u00fcck handgewebt in Nepal Hergestellt [&hellip;]<\/p>\n","protected":false},"featured_media":3745155300569,"template":"","meta":{"_acf_changed":false,"_joinchat":[]},"product_brand":[],"product_cat":[794,852,867],"product_tag":[796,800,892,787],"class_list":{"0":"post-3745155300568","1":"product","2":"type-product","3":"status-publish","4":"has-post-thumbnail","6":"product_cat-kaschmir-kollektion-neuheiten","7":"product_cat-bekleidung","8":"product_cat-kaschmirpullover","9":"product_tag-neu","10":"product_tag-weiblich","11":"product_tag-pullover","12":"product_tag-kaschmir","14":"first","15":"instock","16":"taxable","17":"shipping-taxable","18":"purchasable","19":"product-type-variable","20":"has-default-attributes"},"acf":[],"_links":{"self":[{"href":"https:\/\/www.warm-me.com\/de\/wp-json\/wp\/v2\/product\/3745155300568","targetHints":{"allow":["GET"]}}],"collection":[{"href":"https:\/\/www.warm-me.com\/de\/wp-json\/wp\/v2\/product"}],"about":[{"href":"https:\/\/www.warm-me.com\/de\/wp-json\/wp\/v2\/types\/product"}],"wp:featuredmedia":[{"embeddable":true,"href":"https:\/\/www.warm-me.com\/de\/wp-json\/wp\/v2\/media\/3745155300569"}],"wp:attachment":[{"href":"https:\/\/www.warm-me.com\/de\/wp-json\/wp\/v2\/media?parent=3745155300568"}],"wp:term":[{"taxonomy":"product_brand","embeddable":true,"href":"https:\/\/www.warm-me.com\/de\/wp-json\/wp\/v2\/product_brand?post=3745155300568"},{"taxonomy":"product_cat","embeddable":true,"href":"https:\/\/www.warm-me.com\/de\/wp-json\/wp\/v2\/product_cat?post=3745155300568"},{"taxonomy":"product_tag","embeddable":true,"href":"https:\/\/www.warm-me.com\/de\/wp-json\/wp\/v2\/product_tag?post=3745155300568"}],"curies":[{"name":"wp","href":"https:\/\/api.w.org\/{rel}","templated":true}]}}