{"id":3745155300823,"date":"2026-04-20T10:23:46","date_gmt":"2026-04-20T08:23:46","guid":{"rendered":"https:\/\/www.warm-me.com\/?post_type=product&#038;p=3745155300823"},"modified":"2026-04-20T11:18:44","modified_gmt":"2026-04-20T09:18:44","slug":"schal-felix-leo","status":"publish","type":"product","link":"https:\/\/www.warm-me.com\/de\/produkt\/schal-felix-leo\/","title":{"rendered":"Schal Felix LEO"},"content":{"rendered":"<p data-start=\"0\" data-end=\"151\">Verleihe deinem Alltagslook das gewisse Etwas mit dem Scarf Felix Leo \u2013 ein luxuri\u00f6ser Kaschmirschal, der f\u00fcr m\u00fchelosen Stil und angenehme W\u00e4rme steht.<\/p>\n<p data-start=\"153\" data-end=\"434\">Gefertigt aus 100 % hochwertigem Kaschmir, vereint dieses weiche und leichte Accessoire zeitlose Eleganz mit einer modernen Note. Der angesagte Leo-Print sorgt f\u00fcr einen markanten und zugleich stilvollen Akzent und macht den Schal zum perfekten Statement-Piece f\u00fcr jede Jahreszeit.<\/p>\n<p data-start=\"436\" data-end=\"497\">Ein Must-have f\u00fcr modernes Layering und vielseitiges Styling.<\/p>\n<p data-start=\"427\" data-end=\"435\">Details:<\/p>\n<ul>\n<li>weicher und leichter Strick<\/li>\n<li>moderner Leo-Print<\/li>\n<li>ganzj\u00e4hrig tragbar<\/li>\n<li>1-f\u00e4dig<\/li>\n<li>handgefertigt in Nepal<\/li>\n<li>100 % mongolisches Kaschmir<\/li>\n<\/ul>\n","protected":false},"excerpt":{"rendered":"<p>Verleihe deinem Alltagslook das gewisse Etwas mit dem Scarf Felix Leo \u2013 ein luxuri\u00f6ser Kaschmirschal, der f\u00fcr m\u00fchelosen Stil und angenehme W\u00e4rme steht. Gefertigt aus 100 % hochwertigem Kaschmir, vereint dieses weiche und leichte Accessoire zeitlose Eleganz mit einer modernen Note. Der angesagte Leo-Print sorgt f\u00fcr einen markanten und zugleich stilvollen Akzent und macht den [&hellip;]<\/p>\n","protected":false},"featured_media":3745155300837,"template":"","meta":{"_acf_changed":false,"_joinchat":[]},"product_brand":[],"product_cat":[794,824,827],"product_tag":[1061,787,1062,1063,796],"class_list":{"0":"post-3745155300823","1":"product","2":"type-product","3":"status-publish","4":"has-post-thumbnail","6":"product_cat-kaschmir-kollektion-neuheiten","7":"product_cat-kaschmirschals-handschuhe","8":"product_cat-kaschmirschals","9":"product_tag-schal","10":"product_tag-kaschmir","11":"product_tag-tuch","12":"product_tag-schal-2","13":"product_tag-neu","15":"first","16":"instock","17":"taxable","18":"shipping-taxable","19":"purchasable","20":"product-type-variable","21":"has-default-attributes"},"acf":[],"_links":{"self":[{"href":"https:\/\/www.warm-me.com\/de\/wp-json\/wp\/v2\/product\/3745155300823","targetHints":{"allow":["GET"]}}],"collection":[{"href":"https:\/\/www.warm-me.com\/de\/wp-json\/wp\/v2\/product"}],"about":[{"href":"https:\/\/www.warm-me.com\/de\/wp-json\/wp\/v2\/types\/product"}],"wp:featuredmedia":[{"embeddable":true,"href":"https:\/\/www.warm-me.com\/de\/wp-json\/wp\/v2\/media\/3745155300837"}],"wp:attachment":[{"href":"https:\/\/www.warm-me.com\/de\/wp-json\/wp\/v2\/media?parent=3745155300823"}],"wp:term":[{"taxonomy":"product_brand","embeddable":true,"href":"https:\/\/www.warm-me.com\/de\/wp-json\/wp\/v2\/product_brand?post=3745155300823"},{"taxonomy":"product_cat","embeddable":true,"href":"https:\/\/www.warm-me.com\/de\/wp-json\/wp\/v2\/product_cat?post=3745155300823"},{"taxonomy":"product_tag","embeddable":true,"href":"https:\/\/www.warm-me.com\/de\/wp-json\/wp\/v2\/product_tag?post=3745155300823"}],"curies":[{"name":"wp","href":"https:\/\/api.w.org\/{rel}","templated":true}]}}